{"id":342,"date":"2017-11-23T20:21:13","date_gmt":"2017-11-23T20:21:13","guid":{"rendered":"https:\/\/gpstartersites.com\/zeal\/?page_id=10"},"modified":"2025-09-26T06:28:36","modified_gmt":"2025-09-26T06:28:36","slug":"quem-somos","status":"publish","type":"page","link":"https:\/\/realestateinberlin.com\/br\/quem-somos\/","title":{"rendered":"Quem somos"},"content":{"rendered":"\t\t<div data-elementor-type=\"wp-post\" data-elementor-id=\"342\" class=\"elementor elementor-342\">\n\t\t\t\t\t\t<section class=\"elementor-section elementor-top-section elementor-element elementor-element-65dbe5ef elementor-section-boxed elementor-section-height-default elementor-section-height-default\" data-id=\"65dbe5ef\" data-element_type=\"section\" id=\"introduction\" data-settings=\"{&quot;background_background&quot;:&quot;classic&quot;}\">\n\t\t\t\t\t\t<div class=\"elementor-container elementor-column-gap-default\">\n\t\t\t\t\t<div class=\"elementor-column elementor-col-100 elementor-top-column elementor-element elementor-element-59e0d9a7\" data-id=\"59e0d9a7\" data-element_type=\"column\">\n\t\t\t<div class=\"elementor-widget-wrap elementor-element-populated\">\n\t\t\t\t\t\t<div class=\"elementor-element elementor-element-1e302505 elementor-widget elementor-widget-heading\" data-id=\"1e302505\" data-element_type=\"widget\" data-widget_type=\"heading.default\">\n\t\t\t\t<div class=\"elementor-widget-container\">\n\t\t\t\t\t<h3 class=\"elementor-heading-title elementor-size-small\">introdu\u00e7\u00e3o<\/h3>\t\t\t\t<\/div>\n\t\t\t\t<\/div>\n\t\t\t\t<div class=\"elementor-element elementor-element-29643597 elementor-widget elementor-widget-heading\" data-id=\"29643597\" data-element_type=\"widget\" data-widget_type=\"heading.default\">\n\t\t\t\t<div class=\"elementor-widget-container\">\n\t\t\t\t\t<h2 class=\"elementor-heading-title elementor-size-default\">Consultoria imobili\u00e1ria em Portugu\u00eas<\/h2>\t\t\t\t<\/div>\n\t\t\t\t<\/div>\n\t\t\t\t<div class=\"elementor-element elementor-element-1d6f9c1b elementor-widget-divider--view-line elementor-widget elementor-widget-divider\" data-id=\"1d6f9c1b\" data-element_type=\"widget\" data-widget_type=\"divider.default\">\n\t\t\t\t<div class=\"elementor-widget-container\">\n\t\t\t\t\t\t\t<div class=\"elementor-divider\">\n\t\t\t<span class=\"elementor-divider-separator\">\n\t\t\t\t\t\t<\/span>\n\t\t<\/div>\n\t\t\t\t\t\t<\/div>\n\t\t\t\t<\/div>\n\t\t\t\t<div class=\"elementor-element elementor-element-59ef532e elementor-widget elementor-widget-text-editor\" data-id=\"59ef532e\" data-element_type=\"widget\" data-widget_type=\"text-editor.default\">\n\t\t\t\t<div class=\"elementor-widget-container\">\n\t\t\t\t\t\t\t\t\t<p>Real Estate In Berlin \u00e9 uma ag\u00eancia multil\u00edngue que oferece como principais servi\u00e7os consultoria, compra e venda de im\u00f3vel em Berlin. Nosso Team possui um profundo conhecimento do mercado acumulando anos de know-how no mercado alem\u00e3o e internacional.<\/p>\t\t\t\t\t\t\t\t<\/div>\n\t\t\t\t<\/div>\n\t\t\t\t<div class=\"elementor-element elementor-element-7aff462b elementor-align-center elementor-widget elementor-widget-button\" data-id=\"7aff462b\" data-element_type=\"widget\" data-widget_type=\"button.default\">\n\t\t\t\t<div class=\"elementor-widget-container\">\n\t\t\t\t\t\t\t\t\t<div class=\"elementor-button-wrapper\">\n\t\t\t\t\t<a class=\"elementor-button elementor-button-link elementor-size-md\" href=\"https:\/\/realestateinberlin.com\/br\/Contato\/\">\n\t\t\t\t\t\t<span class=\"elementor-button-content-wrapper\">\n\t\t\t\t\t\t\t\t\t<span class=\"elementor-button-text\">Contatos<\/span>\n\t\t\t\t\t<\/span>\n\t\t\t\t\t<\/a>\n\t\t\t\t<\/div>\n\t\t\t\t\t\t\t\t<\/div>\n\t\t\t\t<\/div>\n\t\t\t\t\t<\/div>\n\t\t<\/div>\n\t\t\t\t\t<\/div>\n\t\t<\/section>\n\t\t\t\t<section class=\"elementor-section elementor-top-section elementor-element elementor-element-4c402b4 elementor-section-boxed elementor-section-height-default elementor-section-height-default\" data-id=\"4c402b4\" data-element_type=\"section\">\n\t\t\t\t\t\t<div class=\"elementor-container elementor-column-gap-default\">\n\t\t\t\t\t<div class=\"elementor-column elementor-col-50 elementor-top-column elementor-element elementor-element-72d7587\" data-id=\"72d7587\" data-element_type=\"column\">\n\t\t\t<div class=\"elementor-widget-wrap elementor-element-populated\">\n\t\t\t\t\t\t<div class=\"elementor-element elementor-element-38e9c40 elementor-widget elementor-widget-heading\" data-id=\"38e9c40\" data-element_type=\"widget\" data-widget_type=\"heading.default\">\n\t\t\t\t<div class=\"elementor-widget-container\">\n\t\t\t\t\t<h2 class=\"elementor-heading-title elementor-size-medium\">Fabrizio Selvaggi<\/h2>\t\t\t\t<\/div>\n\t\t\t\t<\/div>\n\t\t\t\t<div class=\"elementor-element elementor-element-9e7021a elementor-widget-divider--view-line elementor-widget elementor-widget-divider\" data-id=\"9e7021a\" data-element_type=\"widget\" data-widget_type=\"divider.default\">\n\t\t\t\t<div class=\"elementor-widget-container\">\n\t\t\t\t\t\t\t<div class=\"elementor-divider\">\n\t\t\t<span class=\"elementor-divider-separator\">\n\t\t\t\t\t\t<\/span>\n\t\t<\/div>\n\t\t\t\t\t\t<\/div>\n\t\t\t\t<\/div>\n\t\t\t\t<div class=\"elementor-element elementor-element-6811719 elementor-widget elementor-widget-text-editor\" data-id=\"6811719\" data-element_type=\"widget\" data-widget_type=\"text-editor.default\">\n\t\t\t\t<div class=\"elementor-widget-container\">\n\t\t\t\t\t\t\t\t\t<p style=\"text-align: left;\"><span style=\"font-family: Helvetica;\">Com forma\u00e7\u00e3o em estudos human\u00edsticos e licenciado em l\u00ednguas e culturas europeias, Fabrizio Selvaggi chega a Berlim em 2006 movido pelo desejo latente de aprender mais sobre l\u00edngua, cultura e descobrir um mundo novo.<\/span><\/p><p style=\"text-align: left;\"><span style=\"font-family: Helvetica;\">Gra\u00e7as a uma economia crescente, o desenvolvimento da cidade e a necessidade de profissionais qualificados no mercado imobili\u00e1rio de Berlim, Fabrizio Selvaggi p\u00f4de aplicar no s\u00f3 seus conhecimentos lingu\u00edsticos como tamb\u00e9m desenvolver habilidades de vendas, negocia\u00e7\u00e3o e finan\u00e7as, se estabelecendo de maneira s\u00f3lido nesse mercado.<\/span><\/p><p style=\"text-align: left;\"><span style=\"font-family: Helvetica;\">Em 2009 abriu sua pr\u00f3prio neg\u00f3cio com foco na criatividade, inova\u00e7\u00e3o e diversifica\u00e7\u00e3o do servi\u00e7os prestados, deixando para tr\u00e1s os velhos clich\u00e9s e estrat\u00e9gias de Marketing antiquada. Sua empresa se estabelece fortemente no mercado alem\u00e3o, sendo exemplo de case de sucesso e refer\u00eancia no mercado internacional.<\/span><\/p><p style=\"text-align: left;\"><span style=\"font-family: Helvetica;\">Atualmente \u00e9 CEO fundador e executivo da R.E.B, sendo respons\u00e1vel pela expans\u00e3o, coordena\u00e7\u00e3o e supervis\u00e3o dos processos operacionais e administrativos da empresa. Sua miss\u00e3o est\u00e1 em proporcionar ao cliente um servi\u00e7o eficiente e eficaz, buscando sempre a melhoria e inova\u00e7\u00e3o no processo de venda ou compra, com foco e aten\u00e7\u00e3o na din\u00e2mica do mercado e nas exig\u00eancias e necessidades do nosso cliente.<\/span><\/p>\t\t\t\t\t\t\t\t<\/div>\n\t\t\t\t<\/div>\n\t\t\t\t\t<\/div>\n\t\t<\/div>\n\t\t\t\t<div class=\"elementor-column elementor-col-50 elementor-top-column elementor-element elementor-element-49b95d7\" data-id=\"49b95d7\" data-element_type=\"column\">\n\t\t\t<div class=\"elementor-widget-wrap elementor-element-populated\">\n\t\t\t\t\t\t<div class=\"elementor-element elementor-element-e752ef8 elementor-widget elementor-widget-image\" data-id=\"e752ef8\" data-element_type=\"widget\" data-widget_type=\"image.default\">\n\t\t\t\t<div class=\"elementor-widget-container\">\n\t\t\t\t\t\t\t\t\t\t\t\t\t\t\t<img decoding=\"async\" src=\"https:\/\/realestateinberlin.com\/wp-content\/uploads\/2021\/05\/fabrizio-resized.jpg\" title=\"\" alt=\"\" loading=\"lazy\" \/>\t\t\t\t\t\t\t\t\t\t\t\t\t\t\t<\/div>\n\t\t\t\t<\/div>\n\t\t\t\t\t<\/div>\n\t\t<\/div>\n\t\t\t\t\t<\/div>\n\t\t<\/section>\n\t\t\t\t<section class=\"elementor-section elementor-top-section elementor-element elementor-element-5cb70c85 elementor-section-full_width elementor-section-height-default elementor-section-height-default\" data-id=\"5cb70c85\" data-element_type=\"section\" data-settings=\"{&quot;background_background&quot;:&quot;classic&quot;}\">\n\t\t\t\t\t\t<div class=\"elementor-container elementor-column-gap-default\">\n\t\t\t\t\t<div class=\"elementor-column elementor-col-33 elementor-top-column elementor-element elementor-element-48411d0b\" data-id=\"48411d0b\" data-element_type=\"column\" data-settings=\"{&quot;background_background&quot;:&quot;classic&quot;}\">\n\t\t\t<div class=\"elementor-widget-wrap elementor-element-populated\">\n\t\t\t\t\t<div class=\"elementor-background-overlay\"><\/div>\n\t\t\t\t\t\t<div class=\"elementor-element elementor-element-be85469 elementor-view-framed elementor-shape-circle elementor-widget elementor-widget-icon\" data-id=\"be85469\" data-element_type=\"widget\" data-widget_type=\"icon.default\">\n\t\t\t\t<div class=\"elementor-widget-container\">\n\t\t\t\t\t\t\t<div class=\"elementor-icon-wrapper\">\n\t\t\t<div class=\"elementor-icon\">\n\t\t\t<i aria-hidden=\"true\" class=\"fas fa-users\"><\/i>\t\t\t<\/div>\n\t\t<\/div>\n\t\t\t\t\t\t<\/div>\n\t\t\t\t<\/div>\n\t\t\t\t\t<\/div>\n\t\t<\/div>\n\t\t\t\t<div class=\"elementor-column elementor-col-33 elementor-top-column elementor-element elementor-element-ec570f3\" data-id=\"ec570f3\" data-element_type=\"column\" data-settings=\"{&quot;background_background&quot;:&quot;classic&quot;}\">\n\t\t\t<div class=\"elementor-widget-wrap elementor-element-populated\">\n\t\t\t\t\t\t<div class=\"elementor-element elementor-element-80004bc elementor-widget elementor-widget-heading\" data-id=\"80004bc\" data-element_type=\"widget\" data-widget_type=\"heading.default\">\n\t\t\t\t<div class=\"elementor-widget-container\">\n\t\t\t\t\t<h2 class=\"elementor-heading-title elementor-size-medium\">15 ANOS + DE EXPERIENCIA<\/h2>\t\t\t\t<\/div>\n\t\t\t\t<\/div>\n\t\t\t\t<div class=\"elementor-element elementor-element-1598c30 elementor-widget-divider--view-line elementor-widget elementor-widget-divider\" data-id=\"1598c30\" data-element_type=\"widget\" data-widget_type=\"divider.default\">\n\t\t\t\t<div class=\"elementor-widget-container\">\n\t\t\t\t\t\t\t<div class=\"elementor-divider\">\n\t\t\t<span class=\"elementor-divider-separator\">\n\t\t\t\t\t\t<\/span>\n\t\t<\/div>\n\t\t\t\t\t\t<\/div>\n\t\t\t\t<\/div>\n\t\t\t\t<div class=\"elementor-element elementor-element-5b9ab1b elementor-widget elementor-widget-text-editor\" data-id=\"5b9ab1b\" data-element_type=\"widget\" data-widget_type=\"text-editor.default\">\n\t\t\t\t<div class=\"elementor-widget-container\">\n\t\t\t\t\t\t\t\t\t<div>Ao longo de mais 15 anos de experi\u00eancia do CEO e muitos anos de experiencias de todos os asociados, Real Estate in Berlin,&nbsp; acompanhou ano ap\u00f3s ano o progresso imobili\u00e1rio da capital alem\u00e3.<\/div><div><br><\/div><div>Em virtude de seu forte networking e parcerias tambem com otras ag\u00eancias e associa\u00e7\u00f5es, Real Estate in Berlin, se tornou refer\u00eancia dentro do mercado alem\u00e3o com especializa\u00e7\u00e3o em clientes internacionais.<\/div><div><br><\/div>Ademais a nossa agencia se destaca no mercado, fazendo parte da IVD:&nbsp; a mais importante associa\u00e7\u00e3o de agentes imobili\u00e1rios da Alemanha, que concede a seus membros um certificado de profissionalismo e, ao mesmo tempo, exige e fornece atualiza\u00e7\u00f5es constantes sobre aspectos regulat\u00f3rios, formativos e ums vis\u00e3o interior do setor imobili\u00e1rio alem\u00e3o.<br><br>\t\t\t\t\t\t\t\t<\/div>\n\t\t\t\t<\/div>\n\t\t\t\t\t<\/div>\n\t\t<\/div>\n\t\t\t\t<div class=\"elementor-column elementor-col-33 elementor-top-column elementor-element elementor-element-f1b6adf\" data-id=\"f1b6adf\" data-element_type=\"column\" data-settings=\"{&quot;background_background&quot;:&quot;classic&quot;}\">\n\t\t\t<div class=\"elementor-widget-wrap elementor-element-populated\">\n\t\t\t\t\t<div class=\"elementor-background-overlay\"><\/div>\n\t\t\t\t\t\t<div class=\"elementor-element elementor-element-7ae92b0 elementor-view-framed elementor-shape-circle elementor-widget elementor-widget-icon\" data-id=\"7ae92b0\" data-element_type=\"widget\" data-widget_type=\"icon.default\">\n\t\t\t\t<div class=\"elementor-widget-container\">\n\t\t\t\t\t\t\t<div class=\"elementor-icon-wrapper\">\n\t\t\t<div class=\"elementor-icon\">\n\t\t\t<i aria-hidden=\"true\" class=\"fas fa-chart-line\"><\/i>\t\t\t<\/div>\n\t\t<\/div>\n\t\t\t\t\t\t<\/div>\n\t\t\t\t<\/div>\n\t\t\t\t\t<\/div>\n\t\t<\/div>\n\t\t\t\t\t<\/div>\n\t\t<\/section>\n\t\t\t\t<section class=\"elementor-section elementor-top-section elementor-element elementor-element-cd56b97 elementor-section-full_width elementor-section-height-default elementor-section-height-default\" data-id=\"cd56b97\" data-element_type=\"section\">\n\t\t\t\t\t\t<div class=\"elementor-container elementor-column-gap-default\">\n\t\t\t\t\t<div class=\"elementor-column elementor-col-33 elementor-top-column elementor-element elementor-element-70e65b2\" data-id=\"70e65b2\" data-element_type=\"column\" data-settings=\"{&quot;background_background&quot;:&quot;classic&quot;}\">\n\t\t\t<div class=\"elementor-widget-wrap elementor-element-populated\">\n\t\t\t\t\t\t<div class=\"elementor-element elementor-element-2b290fc elementor-widget elementor-widget-heading\" data-id=\"2b290fc\" data-element_type=\"widget\" data-widget_type=\"heading.default\">\n\t\t\t\t<div class=\"elementor-widget-container\">\n\t\t\t\t\t<h2 class=\"elementor-heading-title elementor-size-medium\">MULTILINGUE<\/h2>\t\t\t\t<\/div>\n\t\t\t\t<\/div>\n\t\t\t\t<div class=\"elementor-element elementor-element-aa684c3 elementor-widget-divider--view-line elementor-widget elementor-widget-divider\" data-id=\"aa684c3\" data-element_type=\"widget\" data-widget_type=\"divider.default\">\n\t\t\t\t<div class=\"elementor-widget-container\">\n\t\t\t\t\t\t\t<div class=\"elementor-divider\">\n\t\t\t<span class=\"elementor-divider-separator\">\n\t\t\t\t\t\t<\/span>\n\t\t<\/div>\n\t\t\t\t\t\t<\/div>\n\t\t\t\t<\/div>\n\t\t\t\t<div class=\"elementor-element elementor-element-95ae2e3 elementor-widget elementor-widget-text-editor\" data-id=\"95ae2e3\" data-element_type=\"widget\" data-widget_type=\"text-editor.default\">\n\t\t\t\t<div class=\"elementor-widget-container\">\n\t\t\t\t\t\t\t\t\t<p>No nosso trabalho, a comunica\u00e7\u00e3o \u00e9 a chave para o sucesso!<\/p><p>Todo processo burocr\u00e1tico alem\u00e3o que abrange, leitura de documentos, contratos, cart\u00f3rio, leis e portarias, \u00e9 feito em alem\u00e3o, tornando o processo muitas vezes complicado. A media\u00e7\u00e3o lingu\u00edstica \u00e9, portanto, um aspecto essencial para entendimento da compra\/ venda de propriedades em Berlim.<\/p><p>Pensando nessa problem\u00e1tica recorrente com clientes internacionais, nossa ag\u00eancia oferece tamb\u00e9m servi\u00e7os em ingl\u00eas, portugu\u00eas, espanhol e italiano al\u00e9m de alem\u00e3o.<\/p><p>Nosso Team est\u00e1 altamente capacitado para oferecer o suporte necess\u00e1rio em qualquer \u00e1rea de nossa abrang\u00eancia: consultoria, busca, venda, compra de im\u00f3veis em Berlim.<br \/><br \/><br \/><br \/><br \/><\/p>\t\t\t\t\t\t\t\t<\/div>\n\t\t\t\t<\/div>\n\t\t\t\t\t<\/div>\n\t\t<\/div>\n\t\t\t\t<div class=\"elementor-column elementor-col-33 elementor-top-column elementor-element elementor-element-f92e8dd\" data-id=\"f92e8dd\" data-element_type=\"column\" data-settings=\"{&quot;background_background&quot;:&quot;classic&quot;}\">\n\t\t\t<div class=\"elementor-widget-wrap elementor-element-populated\">\n\t\t\t\t\t<div class=\"elementor-background-overlay\"><\/div>\n\t\t\t\t\t\t<div class=\"elementor-element elementor-element-83e16bb elementor-view-framed elementor-shape-circle elementor-widget elementor-widget-icon\" data-id=\"83e16bb\" data-element_type=\"widget\" data-widget_type=\"icon.default\">\n\t\t\t\t<div class=\"elementor-widget-container\">\n\t\t\t\t\t\t\t<div class=\"elementor-icon-wrapper\">\n\t\t\t<div class=\"elementor-icon\">\n\t\t\t<i aria-hidden=\"true\" class=\"fas fa-history\"><\/i>\t\t\t<\/div>\n\t\t<\/div>\n\t\t\t\t\t\t<\/div>\n\t\t\t\t<\/div>\n\t\t\t\t\t<\/div>\n\t\t<\/div>\n\t\t\t\t<div class=\"elementor-column elementor-col-33 elementor-top-column elementor-element elementor-element-67d7797\" data-id=\"67d7797\" data-element_type=\"column\" data-settings=\"{&quot;background_background&quot;:&quot;classic&quot;}\">\n\t\t\t<div class=\"elementor-widget-wrap elementor-element-populated\">\n\t\t\t\t\t\t<div class=\"elementor-element elementor-element-d174e24 elementor-widget elementor-widget-heading\" data-id=\"d174e24\" data-element_type=\"widget\" data-widget_type=\"heading.default\">\n\t\t\t\t<div class=\"elementor-widget-container\">\n\t\t\t\t\t<h2 class=\"elementor-heading-title elementor-size-medium\">Business Case<\/h2>\t\t\t\t<\/div>\n\t\t\t\t<\/div>\n\t\t\t\t<div class=\"elementor-element elementor-element-23af6ac elementor-widget-divider--view-line elementor-widget elementor-widget-divider\" data-id=\"23af6ac\" data-element_type=\"widget\" data-widget_type=\"divider.default\">\n\t\t\t\t<div class=\"elementor-widget-container\">\n\t\t\t\t\t\t\t<div class=\"elementor-divider\">\n\t\t\t<span class=\"elementor-divider-separator\">\n\t\t\t\t\t\t<\/span>\n\t\t<\/div>\n\t\t\t\t\t\t<\/div>\n\t\t\t\t<\/div>\n\t\t\t\t<div class=\"elementor-element elementor-element-884129e elementor-widget elementor-widget-text-editor\" data-id=\"884129e\" data-element_type=\"widget\" data-widget_type=\"text-editor.default\">\n\t\t\t\t<div class=\"elementor-widget-container\">\n\t\t\t\t\t\t\t\t\t<p>Com o mercado imobili\u00e1rio em constante mudan\u00e7a, a adapta\u00e7\u00e3o as novas necessidades se fazem indispens\u00e1veis para oferecer um servi\u00e7o de qualidade superior.<\/p><p>A Real Estate in Berlin est\u00e1 seriamente comprometida com transpar\u00eancia, confian\u00e7a e efici\u00eancia dos servi\u00e7os prestados. Nossa excel\u00eancia est\u00e1 baseada na satisfa\u00e7\u00e3o do cliente e no bom relacionamento com nossos parceiros ao longo dos anos.<\/p><p>Atrav\u00e9s da nossa ag\u00eancia (REB) nossos clientes est\u00e3o conectados com os melhores profissionais dispon\u00edveis no mercado alem\u00e3o (arquitetos, empresas de design, empresas de reestrutura\u00e7\u00e3o, advogados, cart\u00f3rios, contadores e servi\u00e7o relocation). Dessa forma podemos oferecer, aos nossos clientes, uma extens\u00e3o da efic\u00e1cia dos nossos servi\u00e7os.<\/p><p>Seja qual for a sua necessidade, estaremos sempre dispon\u00edveis para te atender e oferecer o servi\u00e7o que seja mais propicio para sua conveni\u00eancia.<br \/><br \/><\/p>\t\t\t\t\t\t\t\t<\/div>\n\t\t\t\t<\/div>\n\t\t\t\t\t<\/div>\n\t\t<\/div>\n\t\t\t\t\t<\/div>\n\t\t<\/section>\n\t\t\t\t<\/div>\n\t\t","protected":false},"excerpt":{"rendered":"<p>introdu\u00e7\u00e3o Consultoria imobili\u00e1ria em Portugu\u00eas Real Estate In Berlin \u00e9 uma ag\u00eancia multil\u00edngue que oferece como principais servi\u00e7os consultoria, compra e venda de im\u00f3vel em Berlin. Nosso Team possui um profundo conhecimento do mercado acumulando &#8230; <\/p>\n<p class=\"read-more-container\"><a title=\"Quem somos\" class=\"read-more button\" href=\"https:\/\/realestateinberlin.com\/br\/quem-somos\/#more-342\">Read More<span class=\"screen-reader-text\">Quem somos<\/span><\/a><\/p>\n","protected":false},"author":1,"featured_media":0,"parent":0,"menu_order":0,"comment_status":"closed","ping_status":"closed","template":"","meta":{"inline_featured_image":false,"footnotes":""},"class_list":{"0":"post-342","1":"page","2":"type-page","3":"status-publish","5":"no-featured-image-padding"},"_links":{"self":[{"href":"https:\/\/realestateinberlin.com\/br\/wp-json\/wp\/v2\/pages\/342","targetHints":{"allow":["GET"]}}],"collection":[{"href":"https:\/\/realestateinberlin.com\/br\/wp-json\/wp\/v2\/pages"}],"about":[{"href":"https:\/\/realestateinberlin.com\/br\/wp-json\/wp\/v2\/types\/page"}],"author":[{"embeddable":true,"href":"https:\/\/realestateinberlin.com\/br\/wp-json\/wp\/v2\/users\/1"}],"replies":[{"embeddable":true,"href":"https:\/\/realestateinberlin.com\/br\/wp-json\/wp\/v2\/comments?post=342"}],"version-history":[{"count":38,"href":"https:\/\/realestateinberlin.com\/br\/wp-json\/wp\/v2\/pages\/342\/revisions"}],"predecessor-version":[{"id":787,"href":"https:\/\/realestateinberlin.com\/br\/wp-json\/wp\/v2\/pages\/342\/revisions\/787"}],"wp:attachment":[{"href":"https:\/\/realestateinberlin.com\/br\/wp-json\/wp\/v2\/media?parent=342"}],"curies":[{"name":"wp","href":"https:\/\/api.w.org\/{rel}","templated":true}]}}