{"id":526,"date":"2020-05-07T09:19:23","date_gmt":"2020-05-07T09:19:23","guid":{"rendered":"https:\/\/realestateinberlin.com\/br\/?page_id=526"},"modified":"2025-09-26T06:37:22","modified_gmt":"2025-09-26T06:37:22","slug":"noticias","status":"publish","type":"page","link":"https:\/\/realestateinberlin.com\/br\/noticias\/","title":{"rendered":"Noticias"},"content":{"rendered":"\t\t<div data-elementor-type=\"wp-page\" data-elementor-id=\"526\" class=\"elementor elementor-526\">\n\t\t\t\t\t\t<section class=\"elementor-section elementor-top-section elementor-element elementor-element-16ff8787 elementor-section-stretched elementor-section-full_width elementor-section-height-default elementor-section-height-default\" data-id=\"16ff8787\" data-element_type=\"section\" id=\"introduction\" data-settings=\"{&quot;background_background&quot;:&quot;classic&quot;,&quot;stretch_section&quot;:&quot;section-stretched&quot;}\">\n\t\t\t\t\t\t<div class=\"elementor-container elementor-column-gap-default\">\n\t\t\t\t\t<div class=\"elementor-column elementor-col-100 elementor-top-column elementor-element elementor-element-73008f3b\" data-id=\"73008f3b\" data-element_type=\"column\">\n\t\t\t<div class=\"elementor-widget-wrap elementor-element-populated\">\n\t\t\t\t\t\t<div class=\"elementor-element elementor-element-3af33d4a elementor-widget elementor-widget-heading\" data-id=\"3af33d4a\" data-element_type=\"widget\" data-widget_type=\"heading.default\">\n\t\t\t\t<div class=\"elementor-widget-container\">\n\t\t\t\t\t<h2 class=\"elementor-heading-title elementor-size-default\">Cadastre-se<\/h2>\t\t\t\t<\/div>\n\t\t\t\t<\/div>\n\t\t\t\t<div class=\"elementor-element elementor-element-2704b9cd elementor-widget-divider--view-line elementor-widget elementor-widget-divider\" data-id=\"2704b9cd\" data-element_type=\"widget\" data-widget_type=\"divider.default\">\n\t\t\t\t<div class=\"elementor-widget-container\">\n\t\t\t\t\t\t\t<div class=\"elementor-divider\">\n\t\t\t<span class=\"elementor-divider-separator\">\n\t\t\t\t\t\t<\/span>\n\t\t<\/div>\n\t\t\t\t\t\t<\/div>\n\t\t\t\t<\/div>\n\t\t\t\t<div class=\"elementor-element elementor-element-a0091d5 elementor-widget elementor-widget-text-editor\" data-id=\"a0091d5\" data-element_type=\"widget\" data-widget_type=\"text-editor.default\">\n\t\t\t\t<div class=\"elementor-widget-container\">\n\t\t\t\t\t\t\t\t\t<p style=\"text-align: center;\">Inscreva-se a nosso boletim informativo para receber as novas ofertas.<\/p>\t\t\t\t\t\t\t\t<\/div>\n\t\t\t\t<\/div>\n\t\t\t\t<div class=\"elementor-element elementor-element-aa91c88 elementor-widget elementor-widget-html\" data-id=\"aa91c88\" data-element_type=\"widget\" data-widget_type=\"html.default\">\n\t\t\t\t<div class=\"elementor-widget-container\">\n\t\t\t\t\t<!-- Begin Mailchimp Signup Form -->\n<link href=\"\/\/cdn-images.mailchimp.com\/embedcode\/classic-10_7.css\" rel=\"stylesheet\" type=\"text\/css\">\n<style type=\"text\/css\">\n\t#mc_embed_signup{background:#00000; clear:left; font:14px Helvetica,Arial,sans-serif; }\n\t\/* Add your own Mailchimp form style overrides in your site stylesheet or in this style block.\n\t   We recommend moving this block and the preceding CSS link to the HEAD of your HTML file. *\/\n<\/style>\n<style type=\"text\/css\">\n\t#mc-embedded-subscribe-form input[type=checkbox]{display: inline; width: auto;margin-right: 10px;}\n\t#mergeRow-gdpr {margin-top: 20px;}\n\t#mergeRow-gdpr fieldset label {font-weight: normal;}\n\t#mc-embedded-subscribe-form .mc_fieldset{border:none;min-height: 0px;padding-bottom:0px;}\n<\/style>\n<div id=\"mc_embed_signup\">\n<form action=\"https:\/\/realestateinberlin.us16.list-manage.com\/subscribe\/post?u=95e0312e937c0373aca5daa01&amp;id=925adeb7cb\" method=\"post\" id=\"mc-embedded-subscribe-form\" name=\"mc-embedded-subscribe-form\" class=\"validate\" target=\"_blank\" novalidate>\n    <div id=\"mc_embed_signup_scroll\">\n\t<h2>INSCREVA-SE<\/h2>\n<div class=\"indicates-required\"><span class=\"asterisk\">*<\/span> Obrigat\u00f3rio<\/div>\n<div class=\"mc-field-group\">\n\t<label for=\"mce-EMAIL\">Correio eletr\u00f4nico  <span class=\"asterisk\">*<\/span>\n<\/label>\n\t<input type=\"email\" value=\"\" name=\"EMAIL\" class=\"required email\" id=\"mce-EMAIL\">\n<\/div>\n<div id=\"mergeRow-gdpr\" class=\"mergeRow gdpr-mergeRow content__gdprBlock mc-field-group\">\n    <div class=\"content__gdpr\">\n        <label>Autoriza\u00e7\u00e3o de Marketing<\/label>\n        <p>Atualize a sua central de preferencias para escolher quais e-mails voc\u00ea quer receber, ou caso n\u00e3o queira mais receber nenhum e-mail descadastre-se aqui.<\/p>\n        <fieldset class=\"mc_fieldset gdprRequired mc-field-group\" name=\"interestgroup_field\">\n\t\t<label class=\"checkbox subfield\" for=\"gdpr_63044\"><input type=\"checkbox\" id=\"gdpr_63044\" name=\"gdpr[63044]\" value=\"Y\" class=\"av-checkbox \"><span>Email<\/span> <\/label>\n        <\/fieldset>\n    <\/div>\n    <div class=\"content__gdprLegal\">\n        <p>N\u00f3s utilizamos Mailchimp como nossa plataforma de Marketing. Clicando abaixo, voc\u00ea aceita que seus dados sejam transferidos para Mailchimp. <a href=\"https:\/\/mailchimp.com\/legal\/\" target=\"_blank\">Clique aqui para obter mais informa\u00e7\u00f5es sobre as pol\u00edticas de tratamento de dados da Mailchimp.<\/a><\/p>\n    <\/div>\n<\/div>\n\t<div id=\"mce-responses\" class=\"clear\">\n\t\t<div class=\"response\" id=\"mce-error-response\" style=\"display:none\"><\/div>\n\t\t<div class=\"response\" id=\"mce-success-response\" style=\"display:none\"><\/div>\n\t<\/div>    <!-- real people should not fill this in and expect good things - do not remove this or risk form bot signups-->\n    <div style=\"position: absolute; left: -5000px;\" aria-hidden=\"true\"><input type=\"text\" name=\"b_95e0312e937c0373aca5daa01_925adeb7cb\" tabindex=\"-1\" value=\"\"><\/div>\n    <div class=\"clear\"><input type=\"submit\" value=\"INSCREVA-SE\" name=\"INSCREVA-SE\" id=\"mc-embedded-iscriviti\" class=\"button\"><\/div>\n    <\/div>\n<\/form>\n<\/div>\n<script type='text\/javascript' src='\/\/s3.amazonaws.com\/downloads.mailchimp.com\/js\/mc-validate.js'><\/script><script type='text\/javascript'>(function($) {window.fnames = new Array(); window.ftypes = new Array();fnames[0]='EMAIL';ftypes[0]='email';}(jQuery));var $mcj = jQuery.noConflict(true);<\/script>\n<!--End mc_embed_signup-->\t\t\t\t<\/div>\n\t\t\t\t<\/div>\n\t\t\t\t\t<\/div>\n\t\t<\/div>\n\t\t\t\t\t<\/div>\n\t\t<\/section>\n\t\t\t\t<\/div>\n\t\t","protected":false},"excerpt":{"rendered":"<p>Cadastre-se Inscreva-se a nosso boletim informativo para receber as novas ofertas. INSCREVA-SE * Obrigat\u00f3rio Correio eletr\u00f4nico * Autoriza\u00e7\u00e3o de Marketing Atualize a sua central de preferencias para escolher quais e-mails voc\u00ea quer receber, ou caso &#8230; <\/p>\n<p class=\"read-more-container\"><a title=\"Noticias\" class=\"read-more button\" href=\"https:\/\/realestateinberlin.com\/br\/noticias\/#more-526\">Read More<span class=\"screen-reader-text\">Noticias<\/span><\/a><\/p>\n","protected":false},"author":1,"featured_media":0,"parent":0,"menu_order":0,"comment_status":"closed","ping_status":"closed","template":"","meta":{"inline_featured_image":false,"footnotes":""},"class_list":{"0":"post-526","1":"page","2":"type-page","3":"status-publish","5":"no-featured-image-padding"},"_links":{"self":[{"href":"https:\/\/realestateinberlin.com\/br\/wp-json\/wp\/v2\/pages\/526","targetHints":{"allow":["GET"]}}],"collection":[{"href":"https:\/\/realestateinberlin.com\/br\/wp-json\/wp\/v2\/pages"}],"about":[{"href":"https:\/\/realestateinberlin.com\/br\/wp-json\/wp\/v2\/types\/page"}],"author":[{"embeddable":true,"href":"https:\/\/realestateinberlin.com\/br\/wp-json\/wp\/v2\/users\/1"}],"replies":[{"embeddable":true,"href":"https:\/\/realestateinberlin.com\/br\/wp-json\/wp\/v2\/comments?post=526"}],"version-history":[{"count":19,"href":"https:\/\/realestateinberlin.com\/br\/wp-json\/wp\/v2\/pages\/526\/revisions"}],"predecessor-version":[{"id":794,"href":"https:\/\/realestateinberlin.com\/br\/wp-json\/wp\/v2\/pages\/526\/revisions\/794"}],"wp:attachment":[{"href":"https:\/\/realestateinberlin.com\/br\/wp-json\/wp\/v2\/media?parent=526"}],"curies":[{"name":"wp","href":"https:\/\/api.w.org\/{rel}","templated":true}]}}