{"id":12,"date":"2017-11-23T20:21:19","date_gmt":"2017-11-23T20:21:19","guid":{"rendered":"https:\/\/gpstartersites.com\/zeal\/?page_id=12"},"modified":"2025-10-03T10:07:15","modified_gmt":"2025-10-03T10:07:15","slug":"dienstleistungen","status":"publish","type":"page","link":"https:\/\/realestateinberlin.com\/de\/dienstleistungen\/","title":{"rendered":"Dienstleistungen"},"content":{"rendered":"\t\t<div data-elementor-type=\"wp-post\" data-elementor-id=\"12\" class=\"elementor elementor-12\" data-elementor-settings=\"[]\">\n\t\t\t\t\t\t<div class=\"elementor-inner\">\n\t\t\t\t\t\t\t<div class=\"elementor-section-wrap\">\n\t\t\t\t\t\t\t<section class=\"elementor-section elementor-top-section elementor-element elementor-element-382d028 elementor-section-boxed elementor-section-height-default elementor-section-height-default\" data-id=\"382d028\" data-element_type=\"section\" id=\"introduction\" data-settings=\"{&quot;background_background&quot;:&quot;classic&quot;}\">\n\t\t\t\t\t\t<div class=\"elementor-container elementor-column-gap-default\">\n\t\t\t\t\t\t\t<div class=\"elementor-row\">\n\t\t\t\t\t<div class=\"elementor-column elementor-col-100 elementor-top-column elementor-element elementor-element-6d369779\" data-id=\"6d369779\" data-element_type=\"column\">\n\t\t\t<div class=\"elementor-column-wrap elementor-element-populated\">\n\t\t\t\t\t\t\t<div class=\"elementor-widget-wrap\">\n\t\t\t\t\t\t<div class=\"elementor-element elementor-element-5c9990ea elementor-widget elementor-widget-heading\" data-id=\"5c9990ea\" data-element_type=\"widget\" data-widget_type=\"heading.default\">\n\t\t\t\t<div class=\"elementor-widget-container\">\n\t\t\t<h2 class=\"elementor-heading-title elementor-size-default\">Wohnen-Kaufen-Investieren<\/h2>\t\t<\/div>\n\t\t\t\t<\/div>\n\t\t\t\t<div class=\"elementor-element elementor-element-46e509dc elementor-widget-divider--view-line elementor-widget elementor-widget-divider\" data-id=\"46e509dc\" data-element_type=\"widget\" data-widget_type=\"divider.default\">\n\t\t\t\t<div class=\"elementor-widget-container\">\n\t\t\t\t\t<div class=\"elementor-divider\">\n\t\t\t<span class=\"elementor-divider-separator\">\n\t\t\t\t\t\t<\/span>\n\t\t<\/div>\n\t\t\t\t<\/div>\n\t\t\t\t<\/div>\n\t\t\t\t<div class=\"elementor-element elementor-element-1f6e5d6 elementor-widget elementor-widget-text-editor\" data-id=\"1f6e5d6\" data-element_type=\"widget\" data-widget_type=\"text-editor.default\">\n\t\t\t\t<div class=\"elementor-widget-container\">\n\t\t\t\t\t<div class=\"elementor-text-editor elementor-clearfix\"><p>Entdecken Sie mit uns den Schl\u00fcssel zum Erfolg \u2013 eine starke Verbindung zwischen Ihnen und unserer Agentur. Durch ein fundiertes Vertrauensverh\u00e4ltnis und unsere engagierte, ehrliche Arbeit erreichen wir gemeinsam die gew\u00fcnschten Ergebnisse. Ihre Zufriedenheit steht im Mittelpunkt unserer Bem\u00fchungen. Erfolg beginnt mit einer starken Partnerschaft \u2013 lassen Sie uns gemeinsam Gro\u00dfartiges erreichen!<\/p><\/div>\n\t\t\t\t<\/div>\n\t\t\t\t<\/div>\n\t\t\t\t<div class=\"elementor-element elementor-element-bbb179f elementor-widget elementor-widget-text-editor\" data-id=\"bbb179f\" data-element_type=\"widget\" data-widget_type=\"text-editor.default\">\n\t\t\t\t<div class=\"elementor-widget-container\">\n\t\t\t\t\t<div class=\"elementor-text-editor elementor-clearfix\"><p><a style=\"background-color: #2e2e2e; font-size: 32px;\" href=\"https:\/\/www.immobilienscout24.de\/anbieter\/profil\/reb-consulting-gmbh\" target=\"_blank\" rel=\"noopener\">Zu unseren Angeboten<\/a><\/p><\/div>\n\t\t\t\t<\/div>\n\t\t\t\t<\/div>\n\t\t\t\t\t\t<\/div>\n\t\t\t\t\t<\/div>\n\t\t<\/div>\n\t\t\t\t\t\t\t\t<\/div>\n\t\t\t\t\t<\/div>\n\t\t<\/section>\n\t\t\t\t<section class=\"elementor-section elementor-top-section elementor-element elementor-element-360d5381 elementor-section-full_width elementor-section-height-default elementor-section-height-default\" data-id=\"360d5381\" data-element_type=\"section\">\n\t\t\t\t\t\t<div class=\"elementor-container elementor-column-gap-default\">\n\t\t\t\t\t\t\t<div class=\"elementor-row\">\n\t\t\t\t\t<div class=\"elementor-column elementor-col-50 elementor-top-column elementor-element elementor-element-79330dd4\" data-id=\"79330dd4\" data-element_type=\"column\" data-settings=\"{&quot;background_background&quot;:&quot;classic&quot;}\">\n\t\t\t<div class=\"elementor-column-wrap elementor-element-populated\">\n\t\t\t\t\t\t\t<div class=\"elementor-widget-wrap\">\n\t\t\t\t\t\t<section class=\"elementor-section elementor-inner-section elementor-element elementor-element-61239894 elementor-section-boxed elementor-section-height-default elementor-section-height-default\" data-id=\"61239894\" data-element_type=\"section\">\n\t\t\t\t\t\t<div class=\"elementor-container elementor-column-gap-default\">\n\t\t\t\t\t\t\t<div class=\"elementor-row\">\n\t\t\t\t\t<div class=\"elementor-column elementor-col-100 elementor-inner-column elementor-element elementor-element-5f56d8f\" data-id=\"5f56d8f\" data-element_type=\"column\">\n\t\t\t<div class=\"elementor-column-wrap\">\n\t\t\t\t\t\t\t<div class=\"elementor-widget-wrap\">\n\t\t\t\t\t\t\t\t<\/div>\n\t\t\t\t\t<\/div>\n\t\t<\/div>\n\t\t\t\t\t\t\t\t<\/div>\n\t\t\t\t\t<\/div>\n\t\t<\/section>\n\t\t\t\t\t\t<\/div>\n\t\t\t\t\t<\/div>\n\t\t<\/div>\n\t\t\t\t<div class=\"elementor-column elementor-col-50 elementor-top-column elementor-element elementor-element-7d7fef34\" data-id=\"7d7fef34\" data-element_type=\"column\" data-settings=\"{&quot;background_background&quot;:&quot;classic&quot;}\">\n\t\t\t<div class=\"elementor-column-wrap elementor-element-populated\">\n\t\t\t\t\t\t\t<div class=\"elementor-widget-wrap\">\n\t\t\t\t\t\t<div class=\"elementor-element elementor-element-32516e59 elementor-widget elementor-widget-heading\" data-id=\"32516e59\" data-element_type=\"widget\" data-widget_type=\"heading.default\">\n\t\t\t\t<div class=\"elementor-widget-container\">\n\t\t\t<h2 class=\"elementor-heading-title elementor-size-default\">KAUFEN<\/h2>\t\t<\/div>\n\t\t\t\t<\/div>\n\t\t\t\t<div class=\"elementor-element elementor-element-1c4a9275 elementor-widget-divider--view-line elementor-widget elementor-widget-divider\" data-id=\"1c4a9275\" data-element_type=\"widget\" data-widget_type=\"divider.default\">\n\t\t\t\t<div class=\"elementor-widget-container\">\n\t\t\t\t\t<div class=\"elementor-divider\">\n\t\t\t<span class=\"elementor-divider-separator\">\n\t\t\t\t\t\t<\/span>\n\t\t<\/div>\n\t\t\t\t<\/div>\n\t\t\t\t<\/div>\n\t\t\t\t<div class=\"elementor-element elementor-element-50c98202 elementor-widget elementor-widget-text-editor\" data-id=\"50c98202\" data-element_type=\"widget\" data-widget_type=\"text-editor.default\">\n\t\t\t\t<div class=\"elementor-widget-container\">\n\t\t\t\t\t<div class=\"elementor-text-editor elementor-clearfix\"><p>Tr\u00e4umen Sie nicht auch davon, endlich Ihre eigene Immobilie zu besitzen und sich von der Miete zu verabschieden? Oder vielleicht suchen Sie nach einer zukunftsweisenden Investition in Form einer Immobilie als Altersvorsorge? Wir sind hier, um Ihnen zu helfen! Entdecken Sie gemeinsam mit uns die perfekte Wohnung in Berlin, die nicht nur Ihren Bed\u00fcrfnissen entspricht, sondern auch Ihren Traum von den eigenen vier W\u00e4nden oder einer rentablen Immobilienanlage erf\u00fcllt.<\/p><p><br \/>Ob Sie nach einer ger\u00e4umigen Familienwohnung oder einem gem\u00fctlichen Pied-\u00e0-terre in Ihrem Lieblingsstadtteil suchen &#8211; in unserem umfangreichen Portfolio finden Sie die aktuellsten und attraktivsten Angebote auf dem Berliner Immobilienmarkt. Lassen Sie sich von unserer vielf\u00e4ltigen Auswahl inspirieren und informieren Sie sich \u00fcber die zahlreichen M\u00f6glichkeiten, die wir Ihnen bieten k\u00f6nnen.<\/p><p><br \/>M\u00f6chten Sie stets auf dem neuesten Stand sein und keine spannenden Angebote verpassen? Dann nehmen Sie Kontakt mit unserem B\u00fcro auf oder abonnieren Sie unseren exklusiven Newsletter. Als Abonnent erhalten Sie nicht nur sofortigen Zugriff auf brandneue Angebote, noch bevor sie online ver\u00f6ffentlicht werden, sondern profitieren auch von exklusiven Informationen, Tipps und Trends rund um den Immobilienmarkt. Nutzen Sie diese Chance, um Ihre Tr\u00e4ume von den eigenen vier W\u00e4nden oder einer rentablen Immobilieninvestition wahr werden zu lassen. Wir freuen uns darauf, Sie auf Ihrem Weg zu begleiten!<br \/>\u00a0<\/p><\/div>\n\t\t\t\t<\/div>\n\t\t\t\t<\/div>\n\t\t\t\t\t\t<\/div>\n\t\t\t\t\t<\/div>\n\t\t<\/div>\n\t\t\t\t\t\t\t\t<\/div>\n\t\t\t\t\t<\/div>\n\t\t<\/section>\n\t\t\t\t<section class=\"elementor-section elementor-top-section elementor-element elementor-element-377b38e elementor-section-full_width elementor-section-height-default elementor-section-height-default\" data-id=\"377b38e\" data-element_type=\"section\">\n\t\t\t\t\t\t<div class=\"elementor-container elementor-column-gap-default\">\n\t\t\t\t\t\t\t<div class=\"elementor-row\">\n\t\t\t\t\t<div class=\"elementor-column elementor-col-50 elementor-top-column elementor-element elementor-element-c3ad9af\" data-id=\"c3ad9af\" data-element_type=\"column\" data-settings=\"{&quot;background_background&quot;:&quot;classic&quot;}\">\n\t\t\t<div class=\"elementor-column-wrap elementor-element-populated\">\n\t\t\t\t\t\t\t<div class=\"elementor-widget-wrap\">\n\t\t\t\t\t\t<div class=\"elementor-element elementor-element-f7f80d8 elementor-widget elementor-widget-heading\" data-id=\"f7f80d8\" data-element_type=\"widget\" data-widget_type=\"heading.default\">\n\t\t\t\t<div class=\"elementor-widget-container\">\n\t\t\t<h2 class=\"elementor-heading-title elementor-size-default\">VERKAUFEN<\/h2>\t\t<\/div>\n\t\t\t\t<\/div>\n\t\t\t\t<div class=\"elementor-element elementor-element-6afc63b elementor-widget-divider--view-line elementor-widget elementor-widget-divider\" data-id=\"6afc63b\" data-element_type=\"widget\" data-widget_type=\"divider.default\">\n\t\t\t\t<div class=\"elementor-widget-container\">\n\t\t\t\t\t<div class=\"elementor-divider\">\n\t\t\t<span class=\"elementor-divider-separator\">\n\t\t\t\t\t\t<\/span>\n\t\t<\/div>\n\t\t\t\t<\/div>\n\t\t\t\t<\/div>\n\t\t\t\t<div class=\"elementor-element elementor-element-e247936 elementor-widget elementor-widget-text-editor\" data-id=\"e247936\" data-element_type=\"widget\" data-widget_type=\"text-editor.default\">\n\t\t\t\t<div class=\"elementor-widget-container\">\n\t\t\t\t\t<div class=\"elementor-text-editor elementor-clearfix\"><p>Entfesseln Sie das volle Potenzial Ihres Immobilienverkaufs mit unserer effektiven, professionellen und mehrsprachigen Netzwerkplattform! Wir verstehen, dass der Verkauf Ihrer Immobilie nicht nur ein gesch\u00e4ftlicher Prozess, sondern auch eine pers\u00f6nliche Angelegenheit ist. Daher bieten wir Ihnen eine ma\u00dfgeschneiderte Dienstleistung, die Ihre individuellen Bed\u00fcrfnisse und die aktuelle Marktdynamik ber\u00fccksichtigt.<\/p><p>Unsere Experten stehen bereit, um Ihnen eine pr\u00e4zise und realistische Bewertung Ihrer Immobilie zu liefern. Diese Bewertung basiert nicht nur auf Zahlen, sondern auch auf einer eingehenden Analyse Ihrer Immobilie und der aktuellen Markttrends. So gew\u00e4hrleisten wir, dass Sie den optimalen Verkaufspreis erzielen k\u00f6nnen.<\/p><p>Der Verkauf Ihrer Eigentumswohnung in Berlin sollte nicht nur effizient, sondern auch strategisch durchdacht sein. Deshalb setzen wir uns mit Ihnen zusammen, um gemeinsam die beste Verkaufsstrategie zu entwickeln. Ob es um die Vermarktung, Pr\u00e4sentation oder den Zeitpunkt des Verkaufs geht \u2013 wir planen jeden Schritt sorgf\u00e4ltig, um sicherzustellen, dass Sie das Maximum aus Ihrem Immobilienverkauf herausholen.<\/p><p>Vertrauen Sie auf unsere langj\u00e4hrige Erfahrung und unser engagiertes Team, um Ihren Immobilienverkauf zu einem reibungslosen und erfolgreichen Erlebnis zu machen. Verkaufen Sie nicht nur eine Immobilie, sondern realisieren Sie Ihre Visionen und Ziele. Kontaktieren Sie uns noch heute und lassen Sie uns gemeinsam den Weg zu einem erfolgreichen Immobilienverkauf gestalten.<\/p><\/div>\n\t\t\t\t<\/div>\n\t\t\t\t<\/div>\n\t\t\t\t\t\t<\/div>\n\t\t\t\t\t<\/div>\n\t\t<\/div>\n\t\t\t\t<div class=\"elementor-column elementor-col-50 elementor-top-column elementor-element elementor-element-38f4be9\" data-id=\"38f4be9\" data-element_type=\"column\" data-settings=\"{&quot;background_background&quot;:&quot;classic&quot;}\">\n\t\t\t<div class=\"elementor-column-wrap elementor-element-populated\">\n\t\t\t\t\t\t\t<div class=\"elementor-widget-wrap\">\n\t\t\t\t\t\t<section class=\"elementor-section elementor-inner-section elementor-element elementor-element-145691b elementor-section-boxed elementor-section-height-default elementor-section-height-default\" data-id=\"145691b\" data-element_type=\"section\">\n\t\t\t\t\t\t<div class=\"elementor-container elementor-column-gap-default\">\n\t\t\t\t\t\t\t<div class=\"elementor-row\">\n\t\t\t\t\t<div class=\"elementor-column elementor-col-100 elementor-inner-column elementor-element elementor-element-cc3fd13\" data-id=\"cc3fd13\" data-element_type=\"column\">\n\t\t\t<div class=\"elementor-column-wrap\">\n\t\t\t\t\t\t\t<div class=\"elementor-widget-wrap\">\n\t\t\t\t\t\t\t\t<\/div>\n\t\t\t\t\t<\/div>\n\t\t<\/div>\n\t\t\t\t\t\t\t\t<\/div>\n\t\t\t\t\t<\/div>\n\t\t<\/section>\n\t\t\t\t\t\t<\/div>\n\t\t\t\t\t<\/div>\n\t\t<\/div>\n\t\t\t\t\t\t\t\t<\/div>\n\t\t\t\t\t<\/div>\n\t\t<\/section>\n\t\t\t\t<section class=\"elementor-section elementor-top-section elementor-element elementor-element-7b4d799 elementor-section-full_width elementor-section-height-default elementor-section-height-default\" data-id=\"7b4d799\" data-element_type=\"section\">\n\t\t\t\t\t\t<div class=\"elementor-container elementor-column-gap-default\">\n\t\t\t\t\t\t\t<div class=\"elementor-row\">\n\t\t\t\t\t<div class=\"elementor-column elementor-col-50 elementor-top-column elementor-element elementor-element-188345c\" data-id=\"188345c\" data-element_type=\"column\" data-settings=\"{&quot;background_background&quot;:&quot;classic&quot;}\">\n\t\t\t<div class=\"elementor-column-wrap\">\n\t\t\t\t\t\t\t<div class=\"elementor-widget-wrap\">\n\t\t\t\t\t\t\t\t<\/div>\n\t\t\t\t\t<\/div>\n\t\t<\/div>\n\t\t\t\t<div class=\"elementor-column elementor-col-50 elementor-top-column elementor-element elementor-element-bb97b2b\" data-id=\"bb97b2b\" data-element_type=\"column\" data-settings=\"{&quot;background_background&quot;:&quot;classic&quot;}\">\n\t\t\t<div class=\"elementor-column-wrap elementor-element-populated\">\n\t\t\t\t\t\t\t<div class=\"elementor-widget-wrap\">\n\t\t\t\t\t\t<div class=\"elementor-element elementor-element-9bfec49 elementor-widget elementor-widget-heading\" data-id=\"9bfec49\" data-element_type=\"widget\" data-widget_type=\"heading.default\">\n\t\t\t\t<div class=\"elementor-widget-container\">\n\t\t\t<h2 class=\"elementor-heading-title elementor-size-default\">RENOVIEREN<\/h2>\t\t<\/div>\n\t\t\t\t<\/div>\n\t\t\t\t<div class=\"elementor-element elementor-element-cb30882 elementor-widget-divider--view-line elementor-widget elementor-widget-divider\" data-id=\"cb30882\" data-element_type=\"widget\" data-widget_type=\"divider.default\">\n\t\t\t\t<div class=\"elementor-widget-container\">\n\t\t\t\t\t<div class=\"elementor-divider\">\n\t\t\t<span class=\"elementor-divider-separator\">\n\t\t\t\t\t\t<\/span>\n\t\t<\/div>\n\t\t\t\t<\/div>\n\t\t\t\t<\/div>\n\t\t\t\t<div class=\"elementor-element elementor-element-924186d elementor-widget elementor-widget-text-editor\" data-id=\"924186d\" data-element_type=\"widget\" data-widget_type=\"text-editor.default\">\n\t\t\t\t<div class=\"elementor-widget-container\">\n\t\t\t\t\t<div class=\"elementor-text-editor elementor-clearfix\"><p>Sie haben eine Wohnung f\u00fcr den Eigenbedarf gekauft und ben\u00f6tigen ein Angebot f\u00fcr die Renovierung?<\/p><p>Ist es an der Zeit, Ihre vor zehn Jahren erworbene Immobilie zu renovieren, bevor Sie sie wieder vermieten oder verkaufen?<\/p><p>Wir verf\u00fcgen \u00fcber langj\u00e4hrige Kontakte zu Renovierungsfirmen und begleiten Sie von der Planung bis zum Abschluss der Arbeiten.<\/p><p>Wir koordinieren die Arbeiten vor Ort, helfen bei der Auswahl der Materialien und stehen Ihnen mit Rat und Tat zur Seite, wenn es um die Innenausstattung, das Homestaging oder die Einrichtung geht.<\/p><\/div>\n\t\t\t\t<\/div>\n\t\t\t\t<\/div>\n\t\t\t\t\t\t<\/div>\n\t\t\t\t\t<\/div>\n\t\t<\/div>\n\t\t\t\t\t\t\t\t<\/div>\n\t\t\t\t\t<\/div>\n\t\t<\/section>\n\t\t\t\t<section class=\"elementor-section elementor-top-section elementor-element elementor-element-8673c90 elementor-section-full_width elementor-section-height-default elementor-section-height-default\" data-id=\"8673c90\" data-element_type=\"section\">\n\t\t\t\t\t\t<div class=\"elementor-container elementor-column-gap-default\">\n\t\t\t\t\t\t\t<div class=\"elementor-row\">\n\t\t\t\t\t<div class=\"elementor-column elementor-col-50 elementor-top-column elementor-element elementor-element-2f7c1e4\" data-id=\"2f7c1e4\" data-element_type=\"column\" data-settings=\"{&quot;background_background&quot;:&quot;classic&quot;}\">\n\t\t\t<div class=\"elementor-column-wrap elementor-element-populated\">\n\t\t\t\t\t\t\t<div class=\"elementor-widget-wrap\">\n\t\t\t\t\t\t<div class=\"elementor-element elementor-element-31b7163 elementor-widget elementor-widget-heading\" data-id=\"31b7163\" data-element_type=\"widget\" data-widget_type=\"heading.default\">\n\t\t\t\t<div class=\"elementor-widget-container\">\n\t\t\t<h2 class=\"elementor-heading-title elementor-size-default\">BERATUNGSERVICE<\/h2>\t\t<\/div>\n\t\t\t\t<\/div>\n\t\t\t\t<div class=\"elementor-element elementor-element-1fb47b6 elementor-widget-divider--view-line elementor-widget elementor-widget-divider\" data-id=\"1fb47b6\" data-element_type=\"widget\" data-widget_type=\"divider.default\">\n\t\t\t\t<div class=\"elementor-widget-container\">\n\t\t\t\t\t<div class=\"elementor-divider\">\n\t\t\t<span class=\"elementor-divider-separator\">\n\t\t\t\t\t\t<\/span>\n\t\t<\/div>\n\t\t\t\t<\/div>\n\t\t\t\t<\/div>\n\t\t\t\t<div class=\"elementor-element elementor-element-107dc97 elementor-widget elementor-widget-text-editor\" data-id=\"107dc97\" data-element_type=\"widget\" data-widget_type=\"text-editor.default\">\n\t\t\t\t<div class=\"elementor-widget-container\">\n\t\t\t\t\t<div class=\"elementor-text-editor elementor-clearfix\"><p>Haben Sie schon von Begriffen wie Sanierungsgebiet, Mietpreisbremse oder K\u00fcndigungssperrfrist geh\u00f6rt und m\u00f6chten mehr dar\u00fcber erfahren? Vielleicht haben Sie auch ein spezifisches Anliegen, bei dem Sie fachkundigen Rat ben\u00f6tigen? Wir sind hier, um Ihnen individuell weiterzuhelfen! Senden Sie uns einfach Ihre Anfrage, und wir stehen Ihnen mit unserer Expertise zur Verf\u00fcgung.<\/p><p>Ben\u00f6tigen Sie eine gr\u00fcndliche \u00dcbersicht oder eine zweite Meinung zu einer Wohnung und den dazugeh\u00f6rigen Objektunterlagen? Machen Sie sich Sorgen, ob die Unterlagen f\u00fcr die von Ihnen erwogene Immobilie vollst\u00e4ndig sind? Wir sind bereit, Ihnen mit Rat und Tat zur Seite zu stehen. Unsere Fachkenntnisse k\u00f6nnen Ihnen helfen, Klarheit zu schaffen und sicherzustellen, dass Sie bestens informiert sind, wenn es um den Kauf Ihrer Traumimmobilie geht.<\/p><p>Tr\u00e4umen Sie davon, eine Immobilie im Ausland zu besitzen, sei es in Spanien, Italien, Portugal oder sogar Brasilien? Dank unserer umfassenden Vernetzung und dem \u00dcberblick vor Ort k\u00f6nnen wir Ihnen dabei helfen, diesen Traum Wirklichkeit werden zu lassen. Entdecken Sie mit uns die vielf\u00e4ltigen M\u00f6glichkeiten und Chancen, die der internationale Immobilienmarkt bietet. Wir freuen uns darauf, Sie auf Ihrem Weg zu begleiten und Ihre Tr\u00e4ume in die Realit\u00e4t umzusetzen!<\/p><\/div>\n\t\t\t\t<\/div>\n\t\t\t\t<\/div>\n\t\t\t\t\t\t<\/div>\n\t\t\t\t\t<\/div>\n\t\t<\/div>\n\t\t\t\t<div class=\"elementor-column elementor-col-50 elementor-top-column elementor-element elementor-element-3bfa68f\" data-id=\"3bfa68f\" data-element_type=\"column\" data-settings=\"{&quot;background_background&quot;:&quot;classic&quot;}\">\n\t\t\t<div class=\"elementor-column-wrap elementor-element-populated\">\n\t\t\t\t\t\t\t<div class=\"elementor-widget-wrap\">\n\t\t\t\t\t\t<section class=\"elementor-section elementor-inner-section elementor-element elementor-element-184a6bb elementor-section-boxed elementor-section-height-default elementor-section-height-default\" data-id=\"184a6bb\" data-element_type=\"section\">\n\t\t\t\t\t\t<div class=\"elementor-container elementor-column-gap-default\">\n\t\t\t\t\t\t\t<div class=\"elementor-row\">\n\t\t\t\t\t<div class=\"elementor-column elementor-col-100 elementor-inner-column elementor-element elementor-element-5b6522c\" data-id=\"5b6522c\" data-element_type=\"column\">\n\t\t\t<div class=\"elementor-column-wrap\">\n\t\t\t\t\t\t\t<div class=\"elementor-widget-wrap\">\n\t\t\t\t\t\t\t\t<\/div>\n\t\t\t\t\t<\/div>\n\t\t<\/div>\n\t\t\t\t\t\t\t\t<\/div>\n\t\t\t\t\t<\/div>\n\t\t<\/section>\n\t\t\t\t\t\t<\/div>\n\t\t\t\t\t<\/div>\n\t\t<\/div>\n\t\t\t\t\t\t\t\t<\/div>\n\t\t\t\t\t<\/div>\n\t\t<\/section>\n\t\t\t\t\t\t<\/div>\n\t\t\t\t\t\t<\/div>\n\t\t\t\t\t<\/div>\n\t\t","protected":false},"excerpt":{"rendered":"<p>Wohnen-Kaufen-Investieren Entdecken Sie mit uns den Schl\u00fcssel zum Erfolg \u2013 eine starke Verbindung zwischen Ihnen und unserer Agentur. Durch ein fundiertes Vertrauensverh\u00e4ltnis und unsere engagierte, ehrliche Arbeit erreichen wir gemeinsam die gew\u00fcnschten Ergebnisse. Ihre Zufriedenheit &#8230; <\/p>\n<p class=\"read-more-container\"><a title=\"Dienstleistungen\" class=\"read-more button\" href=\"https:\/\/realestateinberlin.com\/de\/dienstleistungen\/#more-12\">Read More<span class=\"screen-reader-text\">Dienstleistungen<\/span><\/a><\/p>\n","protected":false},"author":1,"featured_media":0,"parent":0,"menu_order":0,"comment_status":"closed","ping_status":"closed","template":"","meta":{"footnotes":""},"class_list":{"0":"post-12","1":"page","2":"type-page","3":"status-publish","5":"no-featured-image-padding"},"_links":{"self":[{"href":"https:\/\/realestateinberlin.com\/de\/wp-json\/wp\/v2\/pages\/12","targetHints":{"allow":["GET"]}}],"collection":[{"href":"https:\/\/realestateinberlin.com\/de\/wp-json\/wp\/v2\/pages"}],"about":[{"href":"https:\/\/realestateinberlin.com\/de\/wp-json\/wp\/v2\/types\/page"}],"author":[{"embeddable":true,"href":"https:\/\/realestateinberlin.com\/de\/wp-json\/wp\/v2\/users\/1"}],"replies":[{"embeddable":true,"href":"https:\/\/realestateinberlin.com\/de\/wp-json\/wp\/v2\/comments?post=12"}],"version-history":[{"count":38,"href":"https:\/\/realestateinberlin.com\/de\/wp-json\/wp\/v2\/pages\/12\/revisions"}],"predecessor-version":[{"id":824,"href":"https:\/\/realestateinberlin.com\/de\/wp-json\/wp\/v2\/pages\/12\/revisions\/824"}],"wp:attachment":[{"href":"https:\/\/realestateinberlin.com\/de\/wp-json\/wp\/v2\/media?parent=12"}],"curies":[{"name":"wp","href":"https:\/\/api.w.org\/{rel}","templated":true}]}}