{"id":342,"date":"2017-11-23T20:21:13","date_gmt":"2017-11-23T20:21:13","guid":{"rendered":"https:\/\/gpstartersites.com\/zeal\/?page_id=10"},"modified":"2025-09-26T08:30:16","modified_gmt":"2025-09-26T08:30:16","slug":"wir-uber-uns","status":"publish","type":"page","link":"https:\/\/realestateinberlin.com\/de\/wir-uber-uns\/","title":{"rendered":"Wir \u00fcber uns"},"content":{"rendered":"\t\t<div data-elementor-type=\"wp-post\" data-elementor-id=\"342\" class=\"elementor elementor-342\" data-elementor-settings=\"[]\">\n\t\t\t\t\t\t<div class=\"elementor-inner\">\n\t\t\t\t\t\t\t<div class=\"elementor-section-wrap\">\n\t\t\t\t\t\t\t<section class=\"elementor-section elementor-top-section elementor-element elementor-element-65dbe5ef elementor-section-boxed elementor-section-height-default elementor-section-height-default\" data-id=\"65dbe5ef\" data-element_type=\"section\" id=\"introduction\" data-settings=\"{&quot;background_background&quot;:&quot;classic&quot;}\">\n\t\t\t\t\t\t<div class=\"elementor-container elementor-column-gap-default\">\n\t\t\t\t\t\t\t<div class=\"elementor-row\">\n\t\t\t\t\t<div class=\"elementor-column elementor-col-100 elementor-top-column elementor-element elementor-element-59e0d9a7\" data-id=\"59e0d9a7\" data-element_type=\"column\">\n\t\t\t<div class=\"elementor-column-wrap elementor-element-populated\">\n\t\t\t\t\t\t\t<div class=\"elementor-widget-wrap\">\n\t\t\t\t\t\t<div class=\"elementor-element elementor-element-1e302505 elementor-widget elementor-widget-heading\" data-id=\"1e302505\" data-element_type=\"widget\" data-widget_type=\"heading.default\">\n\t\t\t\t<div class=\"elementor-widget-container\">\n\t\t\t<h3 class=\"elementor-heading-title elementor-size-small\">Vorwort<\/h3>\t\t<\/div>\n\t\t\t\t<\/div>\n\t\t\t\t<div class=\"elementor-element elementor-element-29643597 elementor-widget elementor-widget-heading\" data-id=\"29643597\" data-element_type=\"widget\" data-widget_type=\"heading.default\">\n\t\t\t\t<div class=\"elementor-widget-container\">\n\t\t\t<h2 class=\"elementor-heading-title elementor-size-default\">Mehrsprachige Immobilienberatung<\/h2>\t\t<\/div>\n\t\t\t\t<\/div>\n\t\t\t\t<div class=\"elementor-element elementor-element-1d6f9c1b elementor-widget-divider--view-line elementor-widget elementor-widget-divider\" data-id=\"1d6f9c1b\" data-element_type=\"widget\" data-widget_type=\"divider.default\">\n\t\t\t\t<div class=\"elementor-widget-container\">\n\t\t\t\t\t<div class=\"elementor-divider\">\n\t\t\t<span class=\"elementor-divider-separator\">\n\t\t\t\t\t\t<\/span>\n\t\t<\/div>\n\t\t\t\t<\/div>\n\t\t\t\t<\/div>\n\t\t\t\t<div class=\"elementor-element elementor-element-59ef532e elementor-widget elementor-widget-text-editor\" data-id=\"59ef532e\" data-element_type=\"widget\" data-widget_type=\"text-editor.default\">\n\t\t\t\t<div class=\"elementor-widget-container\">\n\t\t\t\t\t<div class=\"elementor-text-editor elementor-clearfix\"><p>Wir sind eine mehrsprachige Immobilienagentur, mit jahrelanger Erfahrung &amp; Expertise am Berliner Markt.\u00a0<\/p><\/div>\n\t\t\t\t<\/div>\n\t\t\t\t<\/div>\n\t\t\t\t<div class=\"elementor-element elementor-element-7aff462b elementor-align-center elementor-widget elementor-widget-button\" data-id=\"7aff462b\" data-element_type=\"widget\" data-widget_type=\"button.default\">\n\t\t\t\t<div class=\"elementor-widget-container\">\n\t\t\t\t\t<div class=\"elementor-button-wrapper\">\n\t\t\t<a href=\"https:\/\/realestateinberlin.com\/de\/Kontakt\" class=\"elementor-button-link elementor-button elementor-size-md\" role=\"button\">\n\t\t\t\t\t\t<span class=\"elementor-button-content-wrapper\">\n\t\t\t\t\t\t<span class=\"elementor-button-text\">KONTAKTIEREN SIE UNS<\/span>\n\t\t<\/span>\n\t\t\t\t\t<\/a>\n\t\t<\/div>\n\t\t\t\t<\/div>\n\t\t\t\t<\/div>\n\t\t\t\t\t\t<\/div>\n\t\t\t\t\t<\/div>\n\t\t<\/div>\n\t\t\t\t\t\t\t\t<\/div>\n\t\t\t\t\t<\/div>\n\t\t<\/section>\n\t\t\t\t<section class=\"elementor-section elementor-top-section elementor-element elementor-element-66e1a0d elementor-section-boxed elementor-section-height-default elementor-section-height-default\" data-id=\"66e1a0d\" data-element_type=\"section\">\n\t\t\t\t\t\t<div class=\"elementor-container elementor-column-gap-default\">\n\t\t\t\t\t\t\t<div class=\"elementor-row\">\n\t\t\t\t\t<div class=\"elementor-column elementor-col-50 elementor-top-column elementor-element elementor-element-35ad1b1\" data-id=\"35ad1b1\" data-element_type=\"column\">\n\t\t\t<div class=\"elementor-column-wrap elementor-element-populated\">\n\t\t\t\t\t\t\t<div class=\"elementor-widget-wrap\">\n\t\t\t\t\t\t<div class=\"elementor-element elementor-element-f8c4f55 elementor-widget elementor-widget-heading\" data-id=\"f8c4f55\" data-element_type=\"widget\" data-widget_type=\"heading.default\">\n\t\t\t\t<div class=\"elementor-widget-container\">\n\t\t\t<h2 class=\"elementor-heading-title elementor-size-medium\">Fabrizio Selvaggi<\/h2>\t\t<\/div>\n\t\t\t\t<\/div>\n\t\t\t\t<div class=\"elementor-element elementor-element-85fad89 elementor-widget-divider--view-line elementor-widget elementor-widget-divider\" data-id=\"85fad89\" data-element_type=\"widget\" data-widget_type=\"divider.default\">\n\t\t\t\t<div class=\"elementor-widget-container\">\n\t\t\t\t\t<div class=\"elementor-divider\">\n\t\t\t<span class=\"elementor-divider-separator\">\n\t\t\t\t\t\t<\/span>\n\t\t<\/div>\n\t\t\t\t<\/div>\n\t\t\t\t<\/div>\n\t\t\t\t<div class=\"elementor-element elementor-element-e3824ed elementor-widget elementor-widget-text-editor\" data-id=\"e3824ed\" data-element_type=\"widget\" data-widget_type=\"text-editor.default\">\n\t\t\t\t<div class=\"elementor-widget-container\">\n\t\t\t\t\t<div class=\"elementor-text-editor elementor-clearfix\"><p>Als vision\u00e4rer Gr\u00fcnder und gesch\u00e4ftsf\u00fchrender Kopf lenkt Fabrizio Selvaggi mit geschickter Hand s\u00e4mtliche betrieblichen und administrativen Prozesse unseres Unternehmens. Seine Leidenschaft gilt jedoch nicht nur dem aufregenden Immobilienmarkt, sondern vor allem dem fortw\u00e4hrenden Ausbau des Real Estate In Berlin-Netzwerks.<\/p><p><br \/>Mit einem humanistischen Studium und einem erfolgreichen Abschluss in Europ\u00e4ischen Sprachen und Kulturen von der renommierten Universit\u00e4t in Modena bereichert Fabrizio seit 2006 die Berliner Gesch\u00e4ftswelt. Die Grundsteine seiner beeindruckenden Karriere legte er im Rahmen des \u201eLeonardo\u201c-Projekts, welches die Integration junger Fachkr\u00e4fte aus verschiedenen EU-L\u00e4ndern in Deutschland und ganz Europa f\u00f6rderte.<\/p><p><br \/>Sein beruflicher Werdegang spiegelt den glanzvollen Wiederaufstieg Berlins nach der Fu\u00dfball-WM wider, als die Stadt ihr &#8220;Comeback einer Weltsadt &#8221; feierte, wie es Der Spiegel treffend titulierte. Fabrizios Antwort auf die gestiegene Nachfrage internationaler K\u00e4ufer im boomenden Tourismusmarkt war die souver\u00e4ne Beherrschung von Fremdsprachen im aufstrebenden Berliner Immobilienbereich.<\/p><p><br \/>Seit 2009 hat sich Fabrizio Selvaggi unerm\u00fcdlich als Immobilienmakler in Berlin etabliert. Durch ein differenziertes und innovatives Konzept entstand ein modernes Full-Service-Immobilienmaklerunternehmen, bei dem die individuellen Bed\u00fcrfnisse unserer gesch\u00e4tzten Kunden stets im Mittelpunkt stehen.<\/p><p><br \/>Dank kontinuierlicher Weiterbildung und reicher Erfahrung sind die Beratungs- und Verkaufsdienstleistungen von Real Estate In Berlin stets auf dem neuesten Stand. Unser Ziel ist es, jedem K\u00e4ufer oder Verk\u00e4ufer einen makellosen und umfassenden Service zu bieten, jede Herausforderung anzunehmen und mit der dynamischen Entwicklung des Marktes Schritt zu halten.<\/p><p><br \/>Unter dem inspirierenden Motto: \u201eDo a good job and success will follow!\u201c kn\u00fcpft Fabrizio Selvaggi Jahr f\u00fcr Jahr langfristige Arbeitsbeziehungen, um unseren Kunden einen erstklassigen und nachhaltigen Service zu garantieren. Willkommen bei Real Estate In Berlin \u2013 Ihrem Schl\u00fcssel zu erfolgreichen Immobiliengesch\u00e4ften!<\/p><\/div>\n\t\t\t\t<\/div>\n\t\t\t\t<\/div>\n\t\t\t\t\t\t<\/div>\n\t\t\t\t\t<\/div>\n\t\t<\/div>\n\t\t\t\t<div class=\"elementor-column elementor-col-50 elementor-top-column elementor-element elementor-element-e3bbf12\" data-id=\"e3bbf12\" data-element_type=\"column\">\n\t\t\t<div class=\"elementor-column-wrap elementor-element-populated\">\n\t\t\t\t\t\t\t<div class=\"elementor-widget-wrap\">\n\t\t\t\t\t\t<div class=\"elementor-element elementor-element-dd78059 elementor-widget elementor-widget-image\" data-id=\"dd78059\" data-element_type=\"widget\" data-widget_type=\"image.default\">\n\t\t\t\t<div class=\"elementor-widget-container\">\n\t\t\t\t\t<div class=\"elementor-image\">\n\t\t\t\t\t\t\t\t\t\t<img loading=\"lazy\" decoding=\"async\" width=\"500\" height=\"700\" src=\"https:\/\/realestateinberlin.com\/de\/wp-content\/uploads\/2021\/06\/fabrizio-resized-2.jpg\" class=\"attachment-full size-full\" alt=\"\" srcset=\"https:\/\/realestateinberlin.com\/de\/wp-content\/uploads\/2021\/06\/fabrizio-resized-2.jpg 500w, https:\/\/realestateinberlin.com\/de\/wp-content\/uploads\/2021\/06\/fabrizio-resized-2-214x300.jpg 214w\" sizes=\"auto, (max-width: 500px) 100vw, 500px\" \/>\t\t\t\t\t\t\t\t\t\t\t<\/div>\n\t\t\t\t<\/div>\n\t\t\t\t<\/div>\n\t\t\t\t\t\t<\/div>\n\t\t\t\t\t<\/div>\n\t\t<\/div>\n\t\t\t\t\t\t\t\t<\/div>\n\t\t\t\t\t<\/div>\n\t\t<\/section>\n\t\t\t\t<section class=\"elementor-section elementor-top-section elementor-element elementor-element-5cb70c85 elementor-section-full_width elementor-section-height-default elementor-section-height-default\" data-id=\"5cb70c85\" data-element_type=\"section\" data-settings=\"{&quot;background_background&quot;:&quot;classic&quot;}\">\n\t\t\t\t\t\t<div class=\"elementor-container elementor-column-gap-default\">\n\t\t\t\t\t\t\t<div class=\"elementor-row\">\n\t\t\t\t\t<div class=\"elementor-column elementor-col-33 elementor-top-column elementor-element elementor-element-48411d0b\" data-id=\"48411d0b\" data-element_type=\"column\" data-settings=\"{&quot;background_background&quot;:&quot;classic&quot;}\">\n\t\t\t<div class=\"elementor-column-wrap elementor-element-populated\">\n\t\t\t\t\t<div class=\"elementor-background-overlay\"><\/div>\n\t\t\t\t\t\t\t<div class=\"elementor-widget-wrap\">\n\t\t\t\t\t\t<div class=\"elementor-element elementor-element-be85469 elementor-view-framed elementor-shape-circle elementor-widget elementor-widget-icon\" data-id=\"be85469\" data-element_type=\"widget\" data-widget_type=\"icon.default\">\n\t\t\t\t<div class=\"elementor-widget-container\">\n\t\t\t\t\t<div class=\"elementor-icon-wrapper\">\n\t\t\t<div class=\"elementor-icon\">\n\t\t\t<i aria-hidden=\"true\" class=\"fas fa-users\"><\/i>\t\t\t<\/div>\n\t\t<\/div>\n\t\t\t\t<\/div>\n\t\t\t\t<\/div>\n\t\t\t\t\t\t<\/div>\n\t\t\t\t\t<\/div>\n\t\t<\/div>\n\t\t\t\t<div class=\"elementor-column elementor-col-33 elementor-top-column elementor-element elementor-element-ec570f3\" data-id=\"ec570f3\" data-element_type=\"column\" data-settings=\"{&quot;background_background&quot;:&quot;classic&quot;}\">\n\t\t\t<div class=\"elementor-column-wrap elementor-element-populated\">\n\t\t\t\t\t\t\t<div class=\"elementor-widget-wrap\">\n\t\t\t\t\t\t<div class=\"elementor-element elementor-element-80004bc elementor-widget elementor-widget-heading\" data-id=\"80004bc\" data-element_type=\"widget\" data-widget_type=\"heading.default\">\n\t\t\t\t<div class=\"elementor-widget-container\">\n\t\t\t<h2 class=\"elementor-heading-title elementor-size-medium\">MEHR ALS 15 JAHRE ERFAHRUNG<\/h2>\t\t<\/div>\n\t\t\t\t<\/div>\n\t\t\t\t<div class=\"elementor-element elementor-element-1598c30 elementor-widget-divider--view-line elementor-widget elementor-widget-divider\" data-id=\"1598c30\" data-element_type=\"widget\" data-widget_type=\"divider.default\">\n\t\t\t\t<div class=\"elementor-widget-container\">\n\t\t\t\t\t<div class=\"elementor-divider\">\n\t\t\t<span class=\"elementor-divider-separator\">\n\t\t\t\t\t\t<\/span>\n\t\t<\/div>\n\t\t\t\t<\/div>\n\t\t\t\t<\/div>\n\t\t\t\t<div class=\"elementor-element elementor-element-5b9ab1b elementor-widget elementor-widget-text-editor\" data-id=\"5b9ab1b\" data-element_type=\"widget\" data-widget_type=\"text-editor.default\">\n\t\t\t\t<div class=\"elementor-widget-container\">\n\t\t\t\t\t<div class=\"elementor-text-editor elementor-clearfix\"><p>Mit einem reichen Erfahrungsschatz, der durch langj\u00e4hrige T\u00e4tigkeit in verschiedenen in Berlin ans\u00e4ssigen mittelst\u00e4ndischen internationalen und renommierten lokalen Immobilienagenturen geformt wurde, pr\u00e4sentiert sich der Gr\u00fcnder und geb\u00fcrtige Italiener Fabrizio Selvaggi als Experte mit tiefgreifender Kenntnis der Berliner Immobilienwelt und deren Markt.<\/p><p><br \/>Die Leidenschaft von Real Estate In Berlin geht weit \u00fcber die einfache Wohnungsvermittlung an K\u00e4ufer hinaus. Unser T\u00e4tigkeitsfeld erstreckt sich auch auf die fachkundige Beratung f\u00fcr Bautr\u00e4ger und gewerbliche Verk\u00e4ufer, wodurch wir eine umfassende Perspektive auf die vielf\u00e4ltigen Facetten des Immobilienmarktes bieten k\u00f6nnen.<\/p><p><br \/>Seit 2009 hat Fabrizio Selvaggi als Immobilienmakler in der pulsierenden Hauptstadt zahlreiche erfolgreiche Vermittlungen verzeichnet. Real Estate In Berlin steht somit f\u00fcr weit mehr als blo\u00dfe Vermittlungsdienste \u2013 wir bieten ein umfassendes Wissenspaket an, das auf langj\u00e4hriger Erfahrung und hunderten von erfolgreichen Transaktionen beruht. Verlassen Sie sich auf unsere Expertise und lassen Sie uns gemeinsam Ihre Immobilientr\u00e4ume in Berlin verwirklichen.<\/p><\/div>\n\t\t\t\t<\/div>\n\t\t\t\t<\/div>\n\t\t\t\t\t\t<\/div>\n\t\t\t\t\t<\/div>\n\t\t<\/div>\n\t\t\t\t<div class=\"elementor-column elementor-col-33 elementor-top-column elementor-element elementor-element-f1b6adf\" data-id=\"f1b6adf\" data-element_type=\"column\" data-settings=\"{&quot;background_background&quot;:&quot;classic&quot;}\">\n\t\t\t<div class=\"elementor-column-wrap elementor-element-populated\">\n\t\t\t\t\t<div class=\"elementor-background-overlay\"><\/div>\n\t\t\t\t\t\t\t<div class=\"elementor-widget-wrap\">\n\t\t\t\t\t\t<div class=\"elementor-element elementor-element-7ae92b0 elementor-view-framed elementor-shape-circle elementor-widget elementor-widget-icon\" data-id=\"7ae92b0\" data-element_type=\"widget\" data-widget_type=\"icon.default\">\n\t\t\t\t<div class=\"elementor-widget-container\">\n\t\t\t\t\t<div class=\"elementor-icon-wrapper\">\n\t\t\t<div class=\"elementor-icon\">\n\t\t\t<i aria-hidden=\"true\" class=\"fas fa-chart-line\"><\/i>\t\t\t<\/div>\n\t\t<\/div>\n\t\t\t\t<\/div>\n\t\t\t\t<\/div>\n\t\t\t\t\t\t<\/div>\n\t\t\t\t\t<\/div>\n\t\t<\/div>\n\t\t\t\t\t\t\t\t<\/div>\n\t\t\t\t\t<\/div>\n\t\t<\/section>\n\t\t\t\t<section class=\"elementor-section elementor-top-section elementor-element elementor-element-cd56b97 elementor-section-full_width elementor-section-height-default elementor-section-height-default\" data-id=\"cd56b97\" data-element_type=\"section\">\n\t\t\t\t\t\t<div class=\"elementor-container elementor-column-gap-default\">\n\t\t\t\t\t\t\t<div class=\"elementor-row\">\n\t\t\t\t\t<div class=\"elementor-column elementor-col-33 elementor-top-column elementor-element elementor-element-70e65b2\" data-id=\"70e65b2\" data-element_type=\"column\" data-settings=\"{&quot;background_background&quot;:&quot;classic&quot;}\">\n\t\t\t<div class=\"elementor-column-wrap elementor-element-populated\">\n\t\t\t\t\t\t\t<div class=\"elementor-widget-wrap\">\n\t\t\t\t\t\t<div class=\"elementor-element elementor-element-2b290fc elementor-widget elementor-widget-heading\" data-id=\"2b290fc\" data-element_type=\"widget\" data-widget_type=\"heading.default\">\n\t\t\t\t<div class=\"elementor-widget-container\">\n\t\t\t<h2 class=\"elementor-heading-title elementor-size-medium\">MEHRSPRACHIG<\/h2>\t\t<\/div>\n\t\t\t\t<\/div>\n\t\t\t\t<div class=\"elementor-element elementor-element-aa684c3 elementor-widget-divider--view-line elementor-widget elementor-widget-divider\" data-id=\"aa684c3\" data-element_type=\"widget\" data-widget_type=\"divider.default\">\n\t\t\t\t<div class=\"elementor-widget-container\">\n\t\t\t\t\t<div class=\"elementor-divider\">\n\t\t\t<span class=\"elementor-divider-separator\">\n\t\t\t\t\t\t<\/span>\n\t\t<\/div>\n\t\t\t\t<\/div>\n\t\t\t\t<\/div>\n\t\t\t\t<div class=\"elementor-element elementor-element-95ae2e3 elementor-widget elementor-widget-text-editor\" data-id=\"95ae2e3\" data-element_type=\"widget\" data-widget_type=\"text-editor.default\">\n\t\t\t\t<div class=\"elementor-widget-container\">\n\t\t\t\t\t<div class=\"elementor-text-editor elementor-clearfix\"><p>Willkommen bei Real Estate In Berlin, wo wir die Vielfalt der Weltstadt Berlin nicht nur verstehen, sondern aktiv nutzen! In einer Stadt, die Heimat f\u00fcr etwa 1\/5 Einwanderer aus dem Ausland und 1\/2 Zugezogene aus dem Inland ist, ist Mehrsprachigkeit nicht nur eine Selbstverst\u00e4ndlichkeit, sondern auch eine spannende Herausforderung.<\/p><p>Unsere t\u00e4gliche Kommunikation bei Real Estate In Berlin erfolgt m\u00fchelos in mehreren Sprachen, um sicherzustellen, dass wir eine breitere Palette von Kunden erreichen k\u00f6nnen. Unser Erfolg in der Vermittlung von Immobilien basiert auf der nahtlosen Kombination von Sprachen, sei es Deutsch, Italienisch, Englisch, Spanisch oder Portugiesisch.<\/p><p>Durch diese sprachliche Vielfalt sind wir nicht nur lokal, sondern auch international pr\u00e4sent. Wir nutzen verschiedene internationale Kan\u00e4le, um sicherzustellen, dass unsere Angebote in mehreren Sprachen zug\u00e4nglich sind. Bei Real Estate In Berlin schaffen wir nicht nur Wohnr\u00e4ume, sondern auch eine Verbindung zwischen Kulturen und Sprachen \u2013 damit Ihr Immobilienerlebnis so individuell ist wie Sie es sich vorstellen.<\/p><p>\u00a0<\/p><\/div>\n\t\t\t\t<\/div>\n\t\t\t\t<\/div>\n\t\t\t\t\t\t<\/div>\n\t\t\t\t\t<\/div>\n\t\t<\/div>\n\t\t\t\t<div class=\"elementor-column elementor-col-33 elementor-top-column elementor-element elementor-element-f92e8dd\" data-id=\"f92e8dd\" data-element_type=\"column\" data-settings=\"{&quot;background_background&quot;:&quot;classic&quot;}\">\n\t\t\t<div class=\"elementor-column-wrap elementor-element-populated\">\n\t\t\t\t\t<div class=\"elementor-background-overlay\"><\/div>\n\t\t\t\t\t\t\t<div class=\"elementor-widget-wrap\">\n\t\t\t\t\t\t<div class=\"elementor-element elementor-element-83e16bb elementor-view-framed elementor-shape-circle elementor-widget elementor-widget-icon\" data-id=\"83e16bb\" data-element_type=\"widget\" data-widget_type=\"icon.default\">\n\t\t\t\t<div class=\"elementor-widget-container\">\n\t\t\t\t\t<div class=\"elementor-icon-wrapper\">\n\t\t\t<div class=\"elementor-icon\">\n\t\t\t<i aria-hidden=\"true\" class=\"fas fa-history\"><\/i>\t\t\t<\/div>\n\t\t<\/div>\n\t\t\t\t<\/div>\n\t\t\t\t<\/div>\n\t\t\t\t\t\t<\/div>\n\t\t\t\t\t<\/div>\n\t\t<\/div>\n\t\t\t\t<div class=\"elementor-column elementor-col-33 elementor-top-column elementor-element elementor-element-67d7797\" data-id=\"67d7797\" data-element_type=\"column\" data-settings=\"{&quot;background_background&quot;:&quot;classic&quot;}\">\n\t\t\t<div class=\"elementor-column-wrap elementor-element-populated\">\n\t\t\t\t\t\t\t<div class=\"elementor-widget-wrap\">\n\t\t\t\t\t\t<div class=\"elementor-element elementor-element-d174e24 elementor-widget elementor-widget-heading\" data-id=\"d174e24\" data-element_type=\"widget\" data-widget_type=\"heading.default\">\n\t\t\t\t<div class=\"elementor-widget-container\">\n\t\t\t<h2 class=\"elementor-heading-title elementor-size-medium\">Business Case<\/h2>\t\t<\/div>\n\t\t\t\t<\/div>\n\t\t\t\t<div class=\"elementor-element elementor-element-23af6ac elementor-widget-divider--view-line elementor-widget elementor-widget-divider\" data-id=\"23af6ac\" data-element_type=\"widget\" data-widget_type=\"divider.default\">\n\t\t\t\t<div class=\"elementor-widget-container\">\n\t\t\t\t\t<div class=\"elementor-divider\">\n\t\t\t<span class=\"elementor-divider-separator\">\n\t\t\t\t\t\t<\/span>\n\t\t<\/div>\n\t\t\t\t<\/div>\n\t\t\t\t<\/div>\n\t\t\t\t<div class=\"elementor-element elementor-element-884129e elementor-widget elementor-widget-text-editor\" data-id=\"884129e\" data-element_type=\"widget\" data-widget_type=\"text-editor.default\">\n\t\t\t\t<div class=\"elementor-widget-container\">\n\t\t\t\t\t<div class=\"elementor-text-editor elementor-clearfix\"><p>Tauchen Sie ein in die Welt des Immobilienkaufs mit uns, wo wir in einem dynamischen Marktumfeld zahlreiche Faktoren und Aspekte ber\u00fccksichtigen, um Ihnen ein unvergleichliches Immobilienerlebnis zu bieten. Bei Real Estate In Berlin k\u00f6nnen Sie nicht nur auf professionelle Vermittlungsdienste z\u00e4hlen, sondern auch auf umfassende Beratung, die den Unterschied macht.<\/p><p>Unser vernetztes Portfolio pr\u00e4sentiert eine beeindruckende Auswahl an Immobilien \u2013 sei es die lang ersehnte Traumwohnung f\u00fcr den Eigenbedarf, ein stilvolles Pied-\u00e0-terre in Berlin oder ein durchdachtes Investment. Wir bieten unseren Kunden nicht nur die reine Vermittlung, sondern ein hochqualifiziertes Engagement, das sich von der ersten Anfrage bis zur Schl\u00fcssel\u00fcbergabe erstreckt.<\/p><p>Entdecken Sie unsere aktuellen Angebote auf den f\u00fchrenden Portalen, auf denen wir regelm\u00e4\u00dfig pr\u00e4sent sind. Melden Sie sich auch gerne f\u00fcr unseren Newsletter an, um stets \u00fcber die neuesten Entwicklungen informiert zu sein. Lassen Sie uns Ihre Anfrage zukommen, und wir werden in k\u00fcrzester Zeit eine ma\u00dfgeschneiderte L\u00f6sung f\u00fcr Sie entwickeln. Bei Real Estate In Berlin gehen wir \u00fcber die Erwartungen hinaus, um Ihre Immobilientr\u00e4ume in die Realit\u00e4t umzuwandeln.<\/p><\/div>\n\t\t\t\t<\/div>\n\t\t\t\t<\/div>\n\t\t\t\t\t\t<\/div>\n\t\t\t\t\t<\/div>\n\t\t<\/div>\n\t\t\t\t\t\t\t\t<\/div>\n\t\t\t\t\t<\/div>\n\t\t<\/section>\n\t\t\t\t\t\t<\/div>\n\t\t\t\t\t\t<\/div>\n\t\t\t\t\t<\/div>\n\t\t","protected":false},"excerpt":{"rendered":"<p>Vorwort Mehrsprachige Immobilienberatung Wir sind eine mehrsprachige Immobilienagentur, mit jahrelanger Erfahrung &amp; Expertise am Berliner Markt.\u00a0 KONTAKTIEREN SIE UNS Fabrizio Selvaggi Als vision\u00e4rer Gr\u00fcnder und gesch\u00e4ftsf\u00fchrender Kopf lenkt Fabrizio Selvaggi mit geschickter Hand s\u00e4mtliche betrieblichen &#8230; <\/p>\n<p class=\"read-more-container\"><a title=\"Wir \u00fcber uns\" class=\"read-more button\" href=\"https:\/\/realestateinberlin.com\/de\/wir-uber-uns\/#more-342\">Read More<span class=\"screen-reader-text\">Wir \u00fcber uns<\/span><\/a><\/p>\n","protected":false},"author":1,"featured_media":0,"parent":0,"menu_order":0,"comment_status":"closed","ping_status":"closed","template":"","meta":{"footnotes":""},"class_list":{"0":"post-342","1":"page","2":"type-page","3":"status-publish","5":"no-featured-image-padding"},"_links":{"self":[{"href":"https:\/\/realestateinberlin.com\/de\/wp-json\/wp\/v2\/pages\/342","targetHints":{"allow":["GET"]}}],"collection":[{"href":"https:\/\/realestateinberlin.com\/de\/wp-json\/wp\/v2\/pages"}],"about":[{"href":"https:\/\/realestateinberlin.com\/de\/wp-json\/wp\/v2\/types\/page"}],"author":[{"embeddable":true,"href":"https:\/\/realestateinberlin.com\/de\/wp-json\/wp\/v2\/users\/1"}],"replies":[{"embeddable":true,"href":"https:\/\/realestateinberlin.com\/de\/wp-json\/wp\/v2\/comments?post=342"}],"version-history":[{"count":57,"href":"https:\/\/realestateinberlin.com\/de\/wp-json\/wp\/v2\/pages\/342\/revisions"}],"predecessor-version":[{"id":802,"href":"https:\/\/realestateinberlin.com\/de\/wp-json\/wp\/v2\/pages\/342\/revisions\/802"}],"wp:attachment":[{"href":"https:\/\/realestateinberlin.com\/de\/wp-json\/wp\/v2\/media?parent=342"}],"curies":[{"name":"wp","href":"https:\/\/api.w.org\/{rel}","templated":true}]}}