{"id":526,"date":"2020-05-07T09:19:23","date_gmt":"2020-05-07T09:19:23","guid":{"rendered":"https:\/\/realestateinberlin.com\/de\/?page_id=526"},"modified":"2025-09-26T08:38:15","modified_gmt":"2025-09-26T08:38:15","slug":"mailing-list","status":"publish","type":"page","link":"https:\/\/realestateinberlin.com\/de\/mailing-list\/","title":{"rendered":"Mailing List"},"content":{"rendered":"\t\t<div data-elementor-type=\"wp-page\" data-elementor-id=\"526\" class=\"elementor elementor-526\" data-elementor-settings=\"[]\">\n\t\t\t\t\t\t<div class=\"elementor-inner\">\n\t\t\t\t\t\t\t<div class=\"elementor-section-wrap\">\n\t\t\t\t\t\t\t<section class=\"elementor-section elementor-top-section elementor-element elementor-element-16ff8787 elementor-section-stretched elementor-section-full_width elementor-section-height-default elementor-section-height-default\" data-id=\"16ff8787\" data-element_type=\"section\" id=\"introduction\" data-settings=\"{&quot;background_background&quot;:&quot;classic&quot;,&quot;stretch_section&quot;:&quot;section-stretched&quot;}\">\n\t\t\t\t\t\t<div class=\"elementor-container elementor-column-gap-default\">\n\t\t\t\t\t\t\t<div class=\"elementor-row\">\n\t\t\t\t\t<div class=\"elementor-column elementor-col-100 elementor-top-column elementor-element elementor-element-73008f3b\" data-id=\"73008f3b\" data-element_type=\"column\">\n\t\t\t<div class=\"elementor-column-wrap elementor-element-populated\">\n\t\t\t\t\t\t\t<div class=\"elementor-widget-wrap\">\n\t\t\t\t\t\t<div class=\"elementor-element elementor-element-3af33d4a elementor-widget elementor-widget-heading\" data-id=\"3af33d4a\" data-element_type=\"widget\" data-widget_type=\"heading.default\">\n\t\t\t\t<div class=\"elementor-widget-container\">\n\t\t\t<h2 class=\"elementor-heading-title elementor-size-default\">Anmeldung<\/h2>\t\t<\/div>\n\t\t\t\t<\/div>\n\t\t\t\t<div class=\"elementor-element elementor-element-2704b9cd elementor-widget-divider--view-line elementor-widget elementor-widget-divider\" data-id=\"2704b9cd\" data-element_type=\"widget\" data-widget_type=\"divider.default\">\n\t\t\t\t<div class=\"elementor-widget-container\">\n\t\t\t\t\t<div class=\"elementor-divider\">\n\t\t\t<span class=\"elementor-divider-separator\">\n\t\t\t\t\t\t<\/span>\n\t\t<\/div>\n\t\t\t\t<\/div>\n\t\t\t\t<\/div>\n\t\t\t\t<div class=\"elementor-element elementor-element-a0091d5 elementor-widget elementor-widget-text-editor\" data-id=\"a0091d5\" data-element_type=\"widget\" data-widget_type=\"text-editor.default\">\n\t\t\t\t<div class=\"elementor-widget-container\">\n\t\t\t\t\t<div class=\"elementor-text-editor elementor-clearfix\"><p style=\"text-align: center;\">Nutzen Sie unseren E-Mail-Verteiler, um mit uns in Verbindung zu bleiben und die neuesten Angebote zu erhalten.<\/p><\/div>\n\t\t\t\t<\/div>\n\t\t\t\t<\/div>\n\t\t\t\t<div class=\"elementor-element elementor-element-aa91c88 elementor-widget elementor-widget-html\" data-id=\"aa91c88\" data-element_type=\"widget\" data-widget_type=\"html.default\">\n\t\t\t\t<div class=\"elementor-widget-container\">\n\t\t\t\n<!-- Begin Mailchimp Signup Form -->\n<link href=\"\/\/cdn-images.mailchimp.com\/embedcode\/classic-10_7.css\" rel=\"stylesheet\" type=\"text\/css\">\n<style type=\"text\/css\">\n\t#mc_embed_signup{background:#00000; clear:left; font:14px Helvetica,Arial,sans-serif; }\n\t\/* Add your own Mailchimp form style overrides in your site stylesheet or in this style block.\n\t   We recommend moving this block and the preceding CSS link to the HEAD of your HTML file. *\/\n<\/style>\n<style type=\"text\/css\">\n\t#mc-embedded-subscribe-form input[type=checkbox]{display: inline; width: auto;margin-right: 10px;}\n\t#mergeRow-gdpr {margin-top: 20px;}\n\t#mergeRow-gdpr fieldset label {font-weight: normal;}\n\t#mc-embedded-subscribe-form .mc_fieldset{border:none;min-height: 0px;padding-bottom:0px;}\n<\/style>\n<div id=\"mc_embed_signup\">\n<form action=\"https:\/\/realestateinberlin.us16.list-manage.com\/subscribe\/post?u=95e0312e937c0373aca5daa01&amp;id=925adeb7cb\" method=\"post\" id=\"mc-embedded-subscribe-form\" name=\"mc-embedded-subscribe-form\" class=\"validate\" target=\"_blank\" novalidate>\n    <div id=\"mc_embed_signup_scroll\">\n\t<h2>ANMELDUNG<\/h2>\n<div class=\"indicates-required\"><span class=\"asterisk\">*<\/span> Pflichtfelder<\/div>\n<div class=\"mc-field-group\">\n\t<label for=\"mce-EMAIL\">E-Mail-Adresse  <span class=\"asterisk\">*<\/span>\n<\/label>\n\t<input type=\"email\" value=\"\" name=\"EMAIL\" class=\"required email\" id=\"mce-EMAIL\">\n<\/div>\n<div id=\"mergeRow-gdpr\" class=\"mergeRow gdpr-mergeRow content__gdprBlock mc-field-group\">\n    <div class=\"content__gdpr\">\n        <label>Marketing-Erlaubnis<\/label>\n        <p>Bitte w\u00e4hlen Sie alle M\u00f6glichkeiten aus, die Sie von Real Estate in Berlin h\u00f6ren m\u00f6chten:<\/p>\n        <fieldset class=\"mc_fieldset gdprRequired mc-field-group\" name=\"interestgroup_field\">\n\t\t<label class=\"checkbox subfield\" for=\"gdpr_63044\"><input type=\"checkbox\" id=\"gdpr_63044\" name=\"gdpr[63044]\" value=\"Y\" class=\"av-checkbox \"><span>Email<\/span> <\/label>\n        <\/fieldset>\n        <br\/>\n        <section>\n            <p>\n                Berlin ist nicht nur eine Stadt, sondern ein Lebensgef\u00fchl. Eine pulsierende Metropole, die Geschichte und Moderne vereint. Wenn Sie auf der Suche nach Ihrem Traum-Zuhause in Berlin sind, eine tolle Investmentm\u00f6glichkeit in unserer Hauptstadt suchen oder einfach die faszinierende Immobilienlandschaft Berlins verfolgen m\u00f6chten, laden wir Sie herzlich ein, sich in unseren exklusiven E-Mail Newsletter einzutragen.\n            <\/p>\n            <br\/>\n            <p>\n                Verpassen Sie nicht:\n            <\/p>\n            <br\/>\n            <ul>\n                <li>\n                    <strong>Exklusive Angebote und Vorank\u00fcndigungen<\/strong>: Als Immobilienexperten in Berlin haben wir Zugang zu exklusiven Angeboten, die oft vor dem offiziellen Marktstart pr\u00e4sentiert werden. Als Abonnent erfahren Sie als Erster von neuen Immobilienangeboten, bevor sie \u00f6ffentlich bekannt gemacht werden.\n                <\/li>\n                <br\/>\n                <li>\n                    <strong>Markttrends und Expertenwissen<\/strong>: Bleiben Sie immer auf dem neuesten Stand der Berliner Immobilienmarkttrends. Unser Newsletter enth\u00e4lt regelm\u00e4\u00dfige Marktanalysen, Expertenmeinungen und Einblicke in die Entwicklungen, die den Berliner Immobilienmarkt beeinflussen.\n                <\/li>                <br\/>\n\n                <li>\n                    <strong>N\u00fctzliche Tipps und Ressourcen<\/strong>: Egal, ob Sie kaufen, verkaufen oder einfach nur mehr \u00fcber den Immobilienmarkt erfahren m\u00f6chten \u2013 unser Newsletter bietet Ihnen wertvolle Tipps, Checklisten und Ressourcen, die Ihnen bei Ihren Entscheidungen helfen.\n                <\/li>\n                                <br\/>\n\n                <li>\n                    <strong>Veranstaltungen und lokale News<\/strong>: Verpassen Sie keine Gelegenheit, mehr \u00fcber die Berliner Nachbarschaften und ihre einzigartigen Eigenschaften zu erfahren. Wir informieren Sie \u00fcber lokale Veranstaltungen, Entwicklungen und Neuigkeiten, die den Immobilienmarkt beeinflussen k\u00f6nnten.\n                <\/li>\n                                <br\/>\n\n                <li>\n                    <strong>Kostenlos und unverbindlich<\/strong>: Die Anmeldung zu unserem Newsletter ist vollkommen kostenlos und unverbindlich. Sie k\u00f6nnen sich jederzeit abmelden, wenn Sie das Interesse verlieren. Ihre Daten werden vertraulich behandelt und nur f\u00fcr den Versand unseres Newsletters verwendet.\n                <\/li>\n            <\/ul>\n            <br\/>\n            <p>Tauchen Sie ein in die faszinierende Welt der Berliner Immobilien mit unserem Newsletter. Tragen Sie sich noch heute ein und verpassen Sie keine Chance mehr.\n<\/p>\n        <\/section>\n        <p>Sie k\u00f6nnen sich jeder Zeit abmelden, indem Sie auf den Link in der Fu\u00dfzeile unserer E-Mail klicken. Information zu dem Datenschutzma\u00dfnahmen finden Sie auf unserer Website.<\/p>\n    <\/div>\n    <div class=\"content__gdprLegal\">\n        <p>Wir nutzen Mailchimp f\u00fcr unsere Newsletter und als Marketingplattform. Wenn Sie zum Abonnieren unten klicken, best\u00e4tigen Sie, dass Ihre Daten zur Verarbeitung an Mailchimp \u00fcbertragen werden. <a href=\"https:\/\/mailchimp.com\/legal\/\" target=\"_blank\">Erfahren Sie hier mehr \u00fcber die Datenschutzpraxis von Mailchimp.<\/a><\/p>\n    <\/div>\n<\/div>\n\t<div id=\"mce-responses\" class=\"clear\">\n\t\t<div class=\"response\" id=\"mce-error-response\" style=\"display:none\"><\/div>\n\t\t<div class=\"response\" id=\"mce-success-response\" style=\"display:none\"><\/div>\n\t<\/div>    <!-- real people should not fill this in and expect good things - do not remove this or risk form bot signups-->\n    <div style=\"position: absolute; left: -5000px;\" aria-hidden=\"true\"><input type=\"text\" name=\"b_95e0312e937c0373aca5daa01_925adeb7cb\" tabindex=\"-1\" value=\"\"><\/div>\n    <div class=\"clear\"><input type=\"submit\" value=\"ANMELDEN\" name=\"subscribe\" id=\"mc-embedded-subscribe\" class=\"button\"><\/div>\n    <\/div>\n<\/form>\n<\/div>\n<script type='text\/javascript' src='\/\/s3.amazonaws.com\/downloads.mailchimp.com\/js\/mc-validate.js'><\/script><script type='text\/javascript'>(function($) {window.fnames = new Array(); window.ftypes = new Array();fnames[0]='EMAIL';ftypes[0]='email';}(jQuery));var $mcj = jQuery.noConflict(true);<\/script>\n<!--End mc_embed_signup-->\t\t<\/div>\n\t\t\t\t<\/div>\n\t\t\t\t\t\t<\/div>\n\t\t\t\t\t<\/div>\n\t\t<\/div>\n\t\t\t\t\t\t\t\t<\/div>\n\t\t\t\t\t<\/div>\n\t\t<\/section>\n\t\t\t\t\t\t<\/div>\n\t\t\t\t\t\t<\/div>\n\t\t\t\t\t<\/div>\n\t\t","protected":false},"excerpt":{"rendered":"<p>Anmeldung Nutzen Sie unseren E-Mail-Verteiler, um mit uns in Verbindung zu bleiben und die neuesten Angebote zu erhalten. ANMELDUNG * Pflichtfelder E-Mail-Adresse * Marketing-Erlaubnis Bitte w\u00e4hlen Sie alle M\u00f6glichkeiten aus, die Sie von Real Estate &#8230; <\/p>\n<p class=\"read-more-container\"><a title=\"Mailing List\" class=\"read-more button\" href=\"https:\/\/realestateinberlin.com\/de\/mailing-list\/#more-526\">Read More<span class=\"screen-reader-text\">Mailing List<\/span><\/a><\/p>\n","protected":false},"author":1,"featured_media":0,"parent":0,"menu_order":0,"comment_status":"closed","ping_status":"closed","template":"","meta":{"footnotes":""},"class_list":{"0":"post-526","1":"page","2":"type-page","3":"status-publish","5":"no-featured-image-padding"},"_links":{"self":[{"href":"https:\/\/realestateinberlin.com\/de\/wp-json\/wp\/v2\/pages\/526","targetHints":{"allow":["GET"]}}],"collection":[{"href":"https:\/\/realestateinberlin.com\/de\/wp-json\/wp\/v2\/pages"}],"about":[{"href":"https:\/\/realestateinberlin.com\/de\/wp-json\/wp\/v2\/types\/page"}],"author":[{"embeddable":true,"href":"https:\/\/realestateinberlin.com\/de\/wp-json\/wp\/v2\/users\/1"}],"replies":[{"embeddable":true,"href":"https:\/\/realestateinberlin.com\/de\/wp-json\/wp\/v2\/comments?post=526"}],"version-history":[{"count":15,"href":"https:\/\/realestateinberlin.com\/de\/wp-json\/wp\/v2\/pages\/526\/revisions"}],"predecessor-version":[{"id":817,"href":"https:\/\/realestateinberlin.com\/de\/wp-json\/wp\/v2\/pages\/526\/revisions\/817"}],"wp:attachment":[{"href":"https:\/\/realestateinberlin.com\/de\/wp-json\/wp\/v2\/media?parent=526"}],"curies":[{"name":"wp","href":"https:\/\/api.w.org\/{rel}","templated":true}]}}