{"id":342,"date":"2017-11-23T20:21:13","date_gmt":"2017-11-23T20:21:13","guid":{"rendered":"https:\/\/gpstartersites.com\/zeal\/?page_id=10"},"modified":"2025-09-26T09:34:40","modified_gmt":"2025-09-26T09:34:40","slug":"quienes-somos","status":"publish","type":"page","link":"https:\/\/realestateinberlin.com\/es\/quienes-somos\/","title":{"rendered":"Qui\u00e9nes somos"},"content":{"rendered":"\t\t<div data-elementor-type=\"wp-post\" data-elementor-id=\"342\" class=\"elementor elementor-342\" data-elementor-settings=\"[]\">\n\t\t\t\t\t\t<div class=\"elementor-inner\">\n\t\t\t\t\t\t\t<div class=\"elementor-section-wrap\">\n\t\t\t\t\t\t\t<section class=\"elementor-section elementor-top-section elementor-element elementor-element-65dbe5ef elementor-section-boxed elementor-section-height-default elementor-section-height-default\" data-id=\"65dbe5ef\" data-element_type=\"section\" id=\"introduction\" data-settings=\"{&quot;background_background&quot;:&quot;classic&quot;}\">\n\t\t\t\t\t\t<div class=\"elementor-container elementor-column-gap-default\">\n\t\t\t\t\t\t\t<div class=\"elementor-row\">\n\t\t\t\t\t<div class=\"elementor-column elementor-col-100 elementor-top-column elementor-element elementor-element-59e0d9a7\" data-id=\"59e0d9a7\" data-element_type=\"column\">\n\t\t\t<div class=\"elementor-column-wrap elementor-element-populated\">\n\t\t\t\t\t\t\t<div class=\"elementor-widget-wrap\">\n\t\t\t\t\t\t<div class=\"elementor-element elementor-element-1e302505 elementor-widget elementor-widget-heading\" data-id=\"1e302505\" data-element_type=\"widget\" data-widget_type=\"heading.default\">\n\t\t\t\t<div class=\"elementor-widget-container\">\n\t\t\t<h3 class=\"elementor-heading-title elementor-size-small\">Introducci\u00f3n<\/h3>\t\t<\/div>\n\t\t\t\t<\/div>\n\t\t\t\t<div class=\"elementor-element elementor-element-29643597 elementor-widget elementor-widget-heading\" data-id=\"29643597\" data-element_type=\"widget\" data-widget_type=\"heading.default\">\n\t\t\t\t<div class=\"elementor-widget-container\">\n\t\t\t<h2 class=\"elementor-heading-title elementor-size-default\">Consultor\u00eda inmobiliaria en Espa\u00f1ol<\/h2>\t\t<\/div>\n\t\t\t\t<\/div>\n\t\t\t\t<div class=\"elementor-element elementor-element-1d6f9c1b elementor-widget-divider--view-line elementor-widget elementor-widget-divider\" data-id=\"1d6f9c1b\" data-element_type=\"widget\" data-widget_type=\"divider.default\">\n\t\t\t\t<div class=\"elementor-widget-container\">\n\t\t\t\t\t<div class=\"elementor-divider\">\n\t\t\t<span class=\"elementor-divider-separator\">\n\t\t\t\t\t\t<\/span>\n\t\t<\/div>\n\t\t\t\t<\/div>\n\t\t\t\t<\/div>\n\t\t\t\t<div class=\"elementor-element elementor-element-59ef532e elementor-widget elementor-widget-text-editor\" data-id=\"59ef532e\" data-element_type=\"widget\" data-widget_type=\"text-editor.default\">\n\t\t\t\t<div class=\"elementor-widget-container\">\n\t\t\t\t\t<div class=\"elementor-text-editor elementor-clearfix\"><p>Real Estate in Berlin es una agencia multiling\u00fce con un profundo conocimiento del mercado inmobiliario berlin\u00e9s, muchos a\u00f1os de experiencia y cientos de clientes satisfechos.<\/p><\/div>\n\t\t\t\t<\/div>\n\t\t\t\t<\/div>\n\t\t\t\t<div class=\"elementor-element elementor-element-7aff462b elementor-align-center elementor-widget elementor-widget-button\" data-id=\"7aff462b\" data-element_type=\"widget\" data-widget_type=\"button.default\">\n\t\t\t\t<div class=\"elementor-widget-container\">\n\t\t\t\t\t<div class=\"elementor-button-wrapper\">\n\t\t\t<a href=\"https:\/\/realestateinberlin.com\/es\/contacto\/\" class=\"elementor-button-link elementor-button elementor-size-md\" role=\"button\">\n\t\t\t\t\t\t<span class=\"elementor-button-content-wrapper\">\n\t\t\t\t\t\t<span class=\"elementor-button-text\">Cont\u00e1ctanos<\/span>\n\t\t<\/span>\n\t\t\t\t\t<\/a>\n\t\t<\/div>\n\t\t\t\t<\/div>\n\t\t\t\t<\/div>\n\t\t\t\t\t\t<\/div>\n\t\t\t\t\t<\/div>\n\t\t<\/div>\n\t\t\t\t\t\t\t\t<\/div>\n\t\t\t\t\t<\/div>\n\t\t<\/section>\n\t\t\t\t<section class=\"elementor-section elementor-top-section elementor-element elementor-element-a05bc75 elementor-section-boxed elementor-section-height-default elementor-section-height-default\" data-id=\"a05bc75\" data-element_type=\"section\">\n\t\t\t\t\t\t<div class=\"elementor-container elementor-column-gap-default\">\n\t\t\t\t\t\t\t<div class=\"elementor-row\">\n\t\t\t\t\t<div class=\"elementor-column elementor-col-50 elementor-top-column elementor-element elementor-element-9f67f38\" data-id=\"9f67f38\" data-element_type=\"column\">\n\t\t\t<div class=\"elementor-column-wrap elementor-element-populated\">\n\t\t\t\t\t\t\t<div class=\"elementor-widget-wrap\">\n\t\t\t\t\t\t<div class=\"elementor-element elementor-element-05bf54a elementor-widget elementor-widget-heading\" data-id=\"05bf54a\" data-element_type=\"widget\" data-widget_type=\"heading.default\">\n\t\t\t\t<div class=\"elementor-widget-container\">\n\t\t\t<h2 class=\"elementor-heading-title elementor-size-medium\">Fabrizio Selvaggi<\/h2>\t\t<\/div>\n\t\t\t\t<\/div>\n\t\t\t\t<div class=\"elementor-element elementor-element-0d17bbd elementor-widget-divider--view-line elementor-widget elementor-widget-divider\" data-id=\"0d17bbd\" data-element_type=\"widget\" data-widget_type=\"divider.default\">\n\t\t\t\t<div class=\"elementor-widget-container\">\n\t\t\t\t\t<div class=\"elementor-divider\">\n\t\t\t<span class=\"elementor-divider-separator\">\n\t\t\t\t\t\t<\/span>\n\t\t<\/div>\n\t\t\t\t<\/div>\n\t\t\t\t<\/div>\n\t\t\t\t<div class=\"elementor-element elementor-element-129925f elementor-widget elementor-widget-text-editor\" data-id=\"129925f\" data-element_type=\"widget\" data-widget_type=\"text-editor.default\">\n\t\t\t\t<div class=\"elementor-widget-container\">\n\t\t\t\t\t<div class=\"elementor-text-editor elementor-clearfix\"><p style=\"text-align: left;\">Como fundador visionario y director general, Fabrizio Selvaggi dirige con mano experta todos los procesos operativos y administrativos de nuestra empresa. Sin embargo, su pasi\u00f3n no es solo el apasionante mercado inmobiliario, sino sobre todo la continua expansi\u00f3n de la red Real Estate In Berlin.<\/p><p style=\"text-align: left;\">Licenciado en Humanidades y con un t\u00edtulo en Lenguas y Culturas Europeas por la prestigiosa Universidad de M\u00f3dena, Fabrizio lleva desde 2006 enriqueciendo el mundo empresarial berlin\u00e9s. Sent\u00f3 las bases de su impresionante carrera como parte del proyecto \u00abLeonardo\u00bb, que promov\u00eda la integraci\u00f3n de j\u00f3venes profesionales de diversos pa\u00edses de la UE en Alemania y en toda Europa.<\/p><p style=\"text-align: left;\">Su trayectoria profesional refleja el resurgimiento de Berl\u00edn tras la Copa del Mundo, cuando la ciudad celebr\u00f3 su \u00abregreso como ciudad cosmopolita\u00bb, como acertadamente la bautiz\u00f3 Der Spiegel. La respuesta de Fabrizio al aumento de la demanda de compradores internacionales en el floreciente mercado tur\u00edstico fue un dominio seguro de los idiomas extranjeros en el pujante sector inmobiliario berlin\u00e9s.<\/p><p style=\"text-align: left;\">Desde 2009, Fabrizio Selvaggi se ha consolidado incansablemente como agente inmobiliario en Berl\u00edn. A trav\u00e9s de un concepto diferenciado e innovador, se ha creado una moderna empresa de intermediaci\u00f3n inmobiliaria de servicio completo, centrada siempre en las necesidades individuales de nuestros valiosos clientes.<\/p><p style=\"text-align: left;\">Gracias a la formaci\u00f3n continua y a una gran experiencia, los servicios de consultor\u00eda y venta de Real Estate In Berlin est\u00e1n siempre actualizados. Nuestro objetivo es proporcionar a cada comprador o vendedor un servicio impecable y completo, asumir todos los retos y seguir el ritmo del din\u00e1mico desarrollo del mercado.<\/p><p style=\"text-align: left;\">Bajo el inspirador lema: \u00ab\u00a1Haz un buen trabajo y el \u00e9xito llegar\u00e1!\u00bb, Fabrizio Selvaggi forja a\u00f1o tras a\u00f1o relaciones laborales a largo plazo para garantizar a nuestros clientes un servicio de primera clase y sostenible. Bienvenido a Real Estate In Berlin, \u00a1la clave para el \u00e9xito en tus transacciones inmobiliarias!<\/p><\/div>\n\t\t\t\t<\/div>\n\t\t\t\t<\/div>\n\t\t\t\t\t\t<\/div>\n\t\t\t\t\t<\/div>\n\t\t<\/div>\n\t\t\t\t<div class=\"elementor-column elementor-col-50 elementor-top-column elementor-element elementor-element-626754b\" data-id=\"626754b\" data-element_type=\"column\">\n\t\t\t<div class=\"elementor-column-wrap elementor-element-populated\">\n\t\t\t\t\t\t\t<div class=\"elementor-widget-wrap\">\n\t\t\t\t\t\t<div class=\"elementor-element elementor-element-bf9f128 elementor-widget elementor-widget-image\" data-id=\"bf9f128\" data-element_type=\"widget\" data-widget_type=\"image.default\">\n\t\t\t\t<div class=\"elementor-widget-container\">\n\t\t\t\t\t<div class=\"elementor-image\">\n\t\t\t\t\t\t\t\t\t\t<img decoding=\"async\" src=\"https:\/\/realestateinberlin.com\/es\/wp-content\/uploads\/elementor\/thumbs\/fabrizio-resized-p4am3smmiiuml4cm6h3aa6whi8d4v1lmtcxgn5oehk.jpg\" title=\"fabrizio-resized\" alt=\"fabrizio-resized\" \/>\t\t\t\t\t\t\t\t\t\t\t<\/div>\n\t\t\t\t<\/div>\n\t\t\t\t<\/div>\n\t\t\t\t\t\t<\/div>\n\t\t\t\t\t<\/div>\n\t\t<\/div>\n\t\t\t\t\t\t\t\t<\/div>\n\t\t\t\t\t<\/div>\n\t\t<\/section>\n\t\t\t\t<section class=\"elementor-section elementor-top-section elementor-element elementor-element-5cb70c85 elementor-section-full_width elementor-section-height-default elementor-section-height-default\" data-id=\"5cb70c85\" data-element_type=\"section\" data-settings=\"{&quot;background_background&quot;:&quot;classic&quot;}\">\n\t\t\t\t\t\t<div class=\"elementor-container elementor-column-gap-default\">\n\t\t\t\t\t\t\t<div class=\"elementor-row\">\n\t\t\t\t\t<div class=\"elementor-column elementor-col-33 elementor-top-column elementor-element elementor-element-48411d0b\" data-id=\"48411d0b\" data-element_type=\"column\" data-settings=\"{&quot;background_background&quot;:&quot;classic&quot;}\">\n\t\t\t<div class=\"elementor-column-wrap elementor-element-populated\">\n\t\t\t\t\t<div class=\"elementor-background-overlay\"><\/div>\n\t\t\t\t\t\t\t<div class=\"elementor-widget-wrap\">\n\t\t\t\t\t\t<div class=\"elementor-element elementor-element-be85469 elementor-view-framed elementor-shape-circle elementor-widget elementor-widget-icon\" data-id=\"be85469\" data-element_type=\"widget\" data-widget_type=\"icon.default\">\n\t\t\t\t<div class=\"elementor-widget-container\">\n\t\t\t\t\t<div class=\"elementor-icon-wrapper\">\n\t\t\t<div class=\"elementor-icon\">\n\t\t\t<i aria-hidden=\"true\" class=\"fas fa-users\"><\/i>\t\t\t<\/div>\n\t\t<\/div>\n\t\t\t\t<\/div>\n\t\t\t\t<\/div>\n\t\t\t\t\t\t<\/div>\n\t\t\t\t\t<\/div>\n\t\t<\/div>\n\t\t\t\t<div class=\"elementor-column elementor-col-33 elementor-top-column elementor-element elementor-element-ec570f3\" data-id=\"ec570f3\" data-element_type=\"column\" data-settings=\"{&quot;background_background&quot;:&quot;classic&quot;}\">\n\t\t\t<div class=\"elementor-column-wrap elementor-element-populated\">\n\t\t\t\t\t\t\t<div class=\"elementor-widget-wrap\">\n\t\t\t\t\t\t<div class=\"elementor-element elementor-element-80004bc elementor-widget elementor-widget-heading\" data-id=\"80004bc\" data-element_type=\"widget\" data-widget_type=\"heading.default\">\n\t\t\t\t<div class=\"elementor-widget-container\">\n\t\t\t<h2 class=\"elementor-heading-title elementor-size-medium\">MAS DE 15 A\u00d1OS DE EXPERIENCIA <\/h2>\t\t<\/div>\n\t\t\t\t<\/div>\n\t\t\t\t<div class=\"elementor-element elementor-element-1598c30 elementor-widget-divider--view-line elementor-widget elementor-widget-divider\" data-id=\"1598c30\" data-element_type=\"widget\" data-widget_type=\"divider.default\">\n\t\t\t\t<div class=\"elementor-widget-container\">\n\t\t\t\t\t<div class=\"elementor-divider\">\n\t\t\t<span class=\"elementor-divider-separator\">\n\t\t\t\t\t\t<\/span>\n\t\t<\/div>\n\t\t\t\t<\/div>\n\t\t\t\t<\/div>\n\t\t\t\t<div class=\"elementor-element elementor-element-5b9ab1b elementor-widget elementor-widget-text-editor\" data-id=\"5b9ab1b\" data-element_type=\"widget\" data-widget_type=\"text-editor.default\">\n\t\t\t\t<div class=\"elementor-widget-container\">\n\t\t\t\t\t<div class=\"elementor-text-editor elementor-clearfix\"><p>Con una amplia experiencia adquirida a lo largo de muchos a\u00f1os de trabajo en diversas agencias inmobiliarias internacionales de tama\u00f1o medio y locales de renombre con sede en Berl\u00edn, el fundador y italiano Fabrizio Selvaggi se presenta como un experto con un profundo conocimiento del mundo inmobiliario berlin\u00e9s y su mercado.<\/p><p>La pasi\u00f3n de Real Estate In Berlin va mucho m\u00e1s all\u00e1 de la simple b\u00fasqueda de viviendas para los compradores. Nuestro campo de actividad tambi\u00e9n se extiende al asesoramiento experto a promotores y vendedores comerciales, lo que nos permite ofrecer una perspectiva global de las m\u00faltiples facetas del mercado inmobiliario.<\/p><p>Desde 2009, Fabrizio Selvaggi ha intermediado con \u00e9xito en numerosas propiedades en la vibrante capital. Por lo tanto, Real Estate In Berlin es mucho m\u00e1s que un simple servicio de intermediaci\u00f3n: ofrecemos un paquete de conocimientos completo basado en muchos a\u00f1os de experiencia y cientos de transacciones exitosas. Conf\u00ede en nuestra experiencia y trabajemos juntos para hacer realidad sus sue\u00f1os inmobiliarios en Berl\u00edn.<\/p><\/div>\n\t\t\t\t<\/div>\n\t\t\t\t<\/div>\n\t\t\t\t\t\t<\/div>\n\t\t\t\t\t<\/div>\n\t\t<\/div>\n\t\t\t\t<div class=\"elementor-column elementor-col-33 elementor-top-column elementor-element elementor-element-f1b6adf\" data-id=\"f1b6adf\" data-element_type=\"column\" data-settings=\"{&quot;background_background&quot;:&quot;classic&quot;}\">\n\t\t\t<div class=\"elementor-column-wrap elementor-element-populated\">\n\t\t\t\t\t<div class=\"elementor-background-overlay\"><\/div>\n\t\t\t\t\t\t\t<div class=\"elementor-widget-wrap\">\n\t\t\t\t\t\t<div class=\"elementor-element elementor-element-7ae92b0 elementor-view-framed elementor-shape-circle elementor-widget elementor-widget-icon\" data-id=\"7ae92b0\" data-element_type=\"widget\" data-widget_type=\"icon.default\">\n\t\t\t\t<div class=\"elementor-widget-container\">\n\t\t\t\t\t<div class=\"elementor-icon-wrapper\">\n\t\t\t<div class=\"elementor-icon\">\n\t\t\t<i aria-hidden=\"true\" class=\"fas fa-chart-line\"><\/i>\t\t\t<\/div>\n\t\t<\/div>\n\t\t\t\t<\/div>\n\t\t\t\t<\/div>\n\t\t\t\t\t\t<\/div>\n\t\t\t\t\t<\/div>\n\t\t<\/div>\n\t\t\t\t\t\t\t\t<\/div>\n\t\t\t\t\t<\/div>\n\t\t<\/section>\n\t\t\t\t<section class=\"elementor-section elementor-top-section elementor-element elementor-element-cd56b97 elementor-section-full_width elementor-section-height-default elementor-section-height-default\" data-id=\"cd56b97\" data-element_type=\"section\">\n\t\t\t\t\t\t<div class=\"elementor-container elementor-column-gap-default\">\n\t\t\t\t\t\t\t<div class=\"elementor-row\">\n\t\t\t\t\t<div class=\"elementor-column elementor-col-33 elementor-top-column elementor-element elementor-element-70e65b2\" data-id=\"70e65b2\" data-element_type=\"column\" data-settings=\"{&quot;background_background&quot;:&quot;classic&quot;}\">\n\t\t\t<div class=\"elementor-column-wrap elementor-element-populated\">\n\t\t\t\t\t\t\t<div class=\"elementor-widget-wrap\">\n\t\t\t\t\t\t<div class=\"elementor-element elementor-element-2b290fc elementor-widget elementor-widget-heading\" data-id=\"2b290fc\" data-element_type=\"widget\" data-widget_type=\"heading.default\">\n\t\t\t\t<div class=\"elementor-widget-container\">\n\t\t\t<h2 class=\"elementor-heading-title elementor-size-medium\">SERVICIO MULTILING\u00dcE<\/h2>\t\t<\/div>\n\t\t\t\t<\/div>\n\t\t\t\t<div class=\"elementor-element elementor-element-aa684c3 elementor-widget-divider--view-line elementor-widget elementor-widget-divider\" data-id=\"aa684c3\" data-element_type=\"widget\" data-widget_type=\"divider.default\">\n\t\t\t\t<div class=\"elementor-widget-container\">\n\t\t\t\t\t<div class=\"elementor-divider\">\n\t\t\t<span class=\"elementor-divider-separator\">\n\t\t\t\t\t\t<\/span>\n\t\t<\/div>\n\t\t\t\t<\/div>\n\t\t\t\t<\/div>\n\t\t\t\t<div class=\"elementor-element elementor-element-95ae2e3 elementor-widget elementor-widget-text-editor\" data-id=\"95ae2e3\" data-element_type=\"widget\" data-widget_type=\"text-editor.default\">\n\t\t\t\t<div class=\"elementor-widget-container\">\n\t\t\t\t\t<div class=\"elementor-text-editor elementor-clearfix\"><p>Bienvenido a Real Estate In Berlin, donde no solo comprendemos la diversidad de la cosmopolita ciudad de Berl\u00edn, sino que la aprovechamos activamente. En una ciudad que acoge a aproximadamente una quinta parte de inmigrantes extranjeros y a la mitad de reci\u00e9n llegados de Alemania, el multiling\u00fcismo no solo es algo natural, sino tambi\u00e9n un reto apasionante.<\/p><p><br \/>En Real Estate In Berlin, nuestra comunicaci\u00f3n diaria se desarrolla sin esfuerzo en varios idiomas para garantizar que podamos llegar a una gama m\u00e1s amplia de clientes. Nuestro \u00e9xito en la intermediaci\u00f3n inmobiliaria se basa en la combinaci\u00f3n perfecta de idiomas, ya sea alem\u00e1n, italiano, ingl\u00e9s, espa\u00f1ol o portugu\u00e9s.<\/p><p><br \/>Esta diversidad ling\u00fc\u00edstica nos da no solo una presencia local, sino tambi\u00e9n internacional. Utilizamos varios canales internacionales para garantizar que nuestros anuncios sean accesibles en varios idiomas. En Real Estate In Berlin, no solo creamos espacios para vivir, sino tambi\u00e9n una conexi\u00f3n entre culturas e idiomas, para que su experiencia inmobiliaria sea tan personalizada como usted desee.<\/p><\/div>\n\t\t\t\t<\/div>\n\t\t\t\t<\/div>\n\t\t\t\t\t\t<\/div>\n\t\t\t\t\t<\/div>\n\t\t<\/div>\n\t\t\t\t<div class=\"elementor-column elementor-col-33 elementor-top-column elementor-element elementor-element-f92e8dd\" data-id=\"f92e8dd\" data-element_type=\"column\" data-settings=\"{&quot;background_background&quot;:&quot;classic&quot;}\">\n\t\t\t<div class=\"elementor-column-wrap elementor-element-populated\">\n\t\t\t\t\t<div class=\"elementor-background-overlay\"><\/div>\n\t\t\t\t\t\t\t<div class=\"elementor-widget-wrap\">\n\t\t\t\t\t\t<div class=\"elementor-element elementor-element-83e16bb elementor-view-framed elementor-shape-circle elementor-widget elementor-widget-icon\" data-id=\"83e16bb\" data-element_type=\"widget\" data-widget_type=\"icon.default\">\n\t\t\t\t<div class=\"elementor-widget-container\">\n\t\t\t\t\t<div class=\"elementor-icon-wrapper\">\n\t\t\t<div class=\"elementor-icon\">\n\t\t\t<i aria-hidden=\"true\" class=\"fas fa-history\"><\/i>\t\t\t<\/div>\n\t\t<\/div>\n\t\t\t\t<\/div>\n\t\t\t\t<\/div>\n\t\t\t\t\t\t<\/div>\n\t\t\t\t\t<\/div>\n\t\t<\/div>\n\t\t\t\t<div class=\"elementor-column elementor-col-33 elementor-top-column elementor-element elementor-element-67d7797\" data-id=\"67d7797\" data-element_type=\"column\" data-settings=\"{&quot;background_background&quot;:&quot;classic&quot;}\">\n\t\t\t<div class=\"elementor-column-wrap elementor-element-populated\">\n\t\t\t\t\t\t\t<div class=\"elementor-widget-wrap\">\n\t\t\t\t\t\t<div class=\"elementor-element elementor-element-d174e24 elementor-widget elementor-widget-heading\" data-id=\"d174e24\" data-element_type=\"widget\" data-widget_type=\"heading.default\">\n\t\t\t\t<div class=\"elementor-widget-container\">\n\t\t\t<h2 class=\"elementor-heading-title elementor-size-medium\">Business Case<\/h2>\t\t<\/div>\n\t\t\t\t<\/div>\n\t\t\t\t<div class=\"elementor-element elementor-element-23af6ac elementor-widget-divider--view-line elementor-widget elementor-widget-divider\" data-id=\"23af6ac\" data-element_type=\"widget\" data-widget_type=\"divider.default\">\n\t\t\t\t<div class=\"elementor-widget-container\">\n\t\t\t\t\t<div class=\"elementor-divider\">\n\t\t\t<span class=\"elementor-divider-separator\">\n\t\t\t\t\t\t<\/span>\n\t\t<\/div>\n\t\t\t\t<\/div>\n\t\t\t\t<\/div>\n\t\t\t\t<div class=\"elementor-element elementor-element-884129e elementor-widget elementor-widget-text-editor\" data-id=\"884129e\" data-element_type=\"widget\" data-widget_type=\"text-editor.default\">\n\t\t\t\t<div class=\"elementor-widget-container\">\n\t\t\t\t\t<div class=\"elementor-text-editor elementor-clearfix\"><p>Sum\u00e9rjase en el mundo de la compra de inmuebles con nosotros, donde tenemos en cuenta numerosos factores y aspectos en un entorno de mercado din\u00e1mico para ofrecerle una experiencia inmobiliaria sin igual. En Real Estate In Berlin, no solo puede contar con servicios de intermediaci\u00f3n profesionales, sino tambi\u00e9n con un asesoramiento integral que marca la diferencia.<\/p><p><br \/>Nuestra cartera interconectada presenta una impresionante selecci\u00f3n de propiedades, ya sea el apartamento de sus sue\u00f1os para su uso personal, un elegante pied-\u00e0-terre en Berl\u00edn o una inversi\u00f3n bien pensada. Ofrecemos a nuestros clientes no solo intermediaci\u00f3n pura, sino tambi\u00e9n un compromiso altamente cualificado que se extiende desde la consulta inicial hasta la entrega de las llaves.<\/p><p><br \/>Descubra nuestras ofertas actuales en los principales portales en los que estamos presentes habitualmente. Tambi\u00e9n puede suscribirse a nuestro bolet\u00edn de noticias para mantenerse al d\u00eda de las \u00faltimas novedades. Env\u00edenos su solicitud y le ofreceremos una soluci\u00f3n personalizada en muy poco tiempo. En Real Estate In Berlin, superamos las expectativas para hacer realidad sus sue\u00f1os inmobiliarios.<\/p><\/div>\n\t\t\t\t<\/div>\n\t\t\t\t<\/div>\n\t\t\t\t\t\t<\/div>\n\t\t\t\t\t<\/div>\n\t\t<\/div>\n\t\t\t\t\t\t\t\t<\/div>\n\t\t\t\t\t<\/div>\n\t\t<\/section>\n\t\t\t\t\t\t<\/div>\n\t\t\t\t\t\t<\/div>\n\t\t\t\t\t<\/div>\n\t\t","protected":false},"excerpt":{"rendered":"<p>Introducci\u00f3n Consultor\u00eda inmobiliaria en Espa\u00f1ol Real Estate in Berlin es una agencia multiling\u00fce con un profundo conocimiento del mercado inmobiliario berlin\u00e9s, muchos a\u00f1os de experiencia y cientos de clientes satisfechos. Cont\u00e1ctanos Fabrizio Selvaggi Como fundador &#8230; <\/p>\n<p class=\"read-more-container\"><a title=\"Qui\u00e9nes somos\" class=\"read-more button\" href=\"https:\/\/realestateinberlin.com\/es\/quienes-somos\/#more-342\">Read More<span class=\"screen-reader-text\">Qui\u00e9nes somos<\/span><\/a><\/p>\n","protected":false},"author":1,"featured_media":0,"parent":0,"menu_order":0,"comment_status":"closed","ping_status":"closed","template":"","meta":{"footnotes":""},"class_list":{"0":"post-342","1":"page","2":"type-page","3":"status-publish","5":"no-featured-image-padding"},"_links":{"self":[{"href":"https:\/\/realestateinberlin.com\/es\/wp-json\/wp\/v2\/pages\/342","targetHints":{"allow":["GET"]}}],"collection":[{"href":"https:\/\/realestateinberlin.com\/es\/wp-json\/wp\/v2\/pages"}],"about":[{"href":"https:\/\/realestateinberlin.com\/es\/wp-json\/wp\/v2\/types\/page"}],"author":[{"embeddable":true,"href":"https:\/\/realestateinberlin.com\/es\/wp-json\/wp\/v2\/users\/1"}],"replies":[{"embeddable":true,"href":"https:\/\/realestateinberlin.com\/es\/wp-json\/wp\/v2\/comments?post=342"}],"version-history":[{"count":50,"href":"https:\/\/realestateinberlin.com\/es\/wp-json\/wp\/v2\/pages\/342\/revisions"}],"predecessor-version":[{"id":803,"href":"https:\/\/realestateinberlin.com\/es\/wp-json\/wp\/v2\/pages\/342\/revisions\/803"}],"wp:attachment":[{"href":"https:\/\/realestateinberlin.com\/es\/wp-json\/wp\/v2\/media?parent=342"}],"curies":[{"name":"wp","href":"https:\/\/api.w.org\/{rel}","templated":true}]}}