{"id":526,"date":"2020-05-07T09:19:23","date_gmt":"2020-05-07T09:19:23","guid":{"rendered":"https:\/\/realestateinberlin.com\/es\/?page_id=526"},"modified":"2021-03-16T08:09:23","modified_gmt":"2021-03-16T08:09:23","slug":"mailing-list","status":"publish","type":"page","link":"https:\/\/realestateinberlin.com\/es\/mailing-list\/","title":{"rendered":"Mailing List"},"content":{"rendered":"\t\t<div data-elementor-type=\"wp-page\" data-elementor-id=\"526\" class=\"elementor elementor-526\" data-elementor-settings=\"[]\">\n\t\t\t\t\t\t<div class=\"elementor-inner\">\n\t\t\t\t\t\t\t<div class=\"elementor-section-wrap\">\n\t\t\t\t\t\t\t<section class=\"elementor-section elementor-top-section elementor-element elementor-element-16ff8787 elementor-section-stretched elementor-section-full_width elementor-section-height-default elementor-section-height-default\" data-id=\"16ff8787\" data-element_type=\"section\" id=\"introduction\" data-settings=\"{&quot;background_background&quot;:&quot;classic&quot;,&quot;stretch_section&quot;:&quot;section-stretched&quot;}\">\n\t\t\t\t\t\t<div class=\"elementor-container elementor-column-gap-default\">\n\t\t\t\t\t\t\t<div class=\"elementor-row\">\n\t\t\t\t\t<div class=\"elementor-column elementor-col-100 elementor-top-column elementor-element elementor-element-73008f3b\" data-id=\"73008f3b\" data-element_type=\"column\">\n\t\t\t<div class=\"elementor-column-wrap elementor-element-populated\">\n\t\t\t\t\t\t\t<div class=\"elementor-widget-wrap\">\n\t\t\t\t\t\t<div class=\"elementor-element elementor-element-3af33d4a elementor-widget elementor-widget-heading\" data-id=\"3af33d4a\" data-element_type=\"widget\" data-widget_type=\"heading.default\">\n\t\t\t\t<div class=\"elementor-widget-container\">\n\t\t\t<h2 class=\"elementor-heading-title elementor-size-default\">Inscr\u00edbete<\/h2>\t\t<\/div>\n\t\t\t\t<\/div>\n\t\t\t\t<div class=\"elementor-element elementor-element-2704b9cd elementor-widget-divider--view-line elementor-widget elementor-widget-divider\" data-id=\"2704b9cd\" data-element_type=\"widget\" data-widget_type=\"divider.default\">\n\t\t\t\t<div class=\"elementor-widget-container\">\n\t\t\t\t\t<div class=\"elementor-divider\">\n\t\t\t<span class=\"elementor-divider-separator\">\n\t\t\t\t\t\t<\/span>\n\t\t<\/div>\n\t\t\t\t<\/div>\n\t\t\t\t<\/div>\n\t\t\t\t<div class=\"elementor-element elementor-element-a0091d5 elementor-widget elementor-widget-text-editor\" data-id=\"a0091d5\" data-element_type=\"widget\" data-widget_type=\"text-editor.default\">\n\t\t\t\t<div class=\"elementor-widget-container\">\n\t\t\t\t\t<div class=\"elementor-text-editor elementor-clearfix\"><p style=\"text-align: center;\">Suscr\u00edbete a nuestro bolet\u00edn para recibir ofertas actuales y mantenerte en contacto con nosotros.<\/p><\/div>\n\t\t\t\t<\/div>\n\t\t\t\t<\/div>\n\t\t\t\t<div class=\"elementor-element elementor-element-aa91c88 elementor-widget elementor-widget-html\" data-id=\"aa91c88\" data-element_type=\"widget\" data-widget_type=\"html.default\">\n\t\t\t\t<div class=\"elementor-widget-container\">\n\t\t\t<!-- Begin Mailchimp Signup Form -->\n<link href=\"\/\/cdn-images.mailchimp.com\/embedcode\/classic-10_7.css\" rel=\"stylesheet\" type=\"text\/css\">\n<style type=\"text\/css\">\n\t#mc_embed_signup{background:#00000; clear:left; font:14px Helvetica,Arial,sans-serif; }\n\t\/* Add your own Mailchimp form style overrides in your site stylesheet or in this style block.\n\t   We recommend moving this block and the preceding CSS link to the HEAD of your HTML file. *\/\n<\/style>\n<style type=\"text\/css\">\n\t#mc-embedded-subscribe-form input[type=checkbox]{display: inline; width: auto;margin-right: 10px;}\n\t#mergeRow-gdpr {margin-top: 20px;}\n\t#mergeRow-gdpr fieldset label {font-weight: normal;}\n\t#mc-embedded-subscribe-form .mc_fieldset{border:none;min-height: 0px;padding-bottom:0px;}\n<\/style>\n<div id=\"mc_embed_signup\">\n<form action=\"https:\/\/realestateinberlin.us16.list-manage.com\/subscribe\/post?u=95e0312e937c0373aca5daa01&amp;id=925adeb7cb\" method=\"post\" id=\"mc-embedded-subscribe-form\" name=\"mc-embedded-subscribe-form\" class=\"validate\" target=\"_blank\" novalidate>\n    <div id=\"mc_embed_signup_scroll\">\n\t<h2>Inscr\u00edbete<\/h2>\n<div class=\"indicates-required\"><span class=\"asterisk\">*<\/span> Campos obligatorios<\/div>\n<div class=\"mc-field-group\">\n\t<label for=\"mce-EMAIL\">Direcci\u00f3n de e-mail  <span class=\"asterisk\">*<\/span>\n<\/label>\n\t<input type=\"email\" value=\"\" name=\"EMAIL\" class=\"required email\" id=\"mce-EMAIL\">\n<\/div>\n<div id=\"mergeRow-gdpr\" class=\"mergeRow gdpr-mergeRow content__gdprBlock mc-field-group\">\n    <div class=\"content__gdpr\">\n        <label>Autorizaci\u00f3n para fines de comercializaci\u00f3n<\/label>\n        <p>Elije los canales a trav\u00e9s de los cuales quieres ser contactado en el futuro por Real Estate in Berlin:<\/p>\n        <fieldset class=\"mc_fieldset gdprRequired mc-field-group\" name=\"interestgroup_field\">\n\t\t<label class=\"checkbox subfield\" for=\"gdpr_63044\"><input type=\"checkbox\" id=\"gdpr_63044\" name=\"gdpr[63044]\" value=\"Y\" class=\"av-checkbox \"><span>Email<\/span> <\/label>\n        <\/fieldset>\n        <p>Puedes cancelar la suscripci\u00f3n en cualquier momento haciendo clic en el siguiente enlace a nuestro correo electr\u00f3nico. Para m\u00e1s informaci\u00f3n sobre el procesamiento de datos personales, por favor visita nuestro sitio web. <\/p>\n    <\/div>\n    <div class=\"content__gdprLegal\">\n        <p>Usamos Mailchimp como plataforma de marketing. Al hacer clic a continuaci\u00f3n para registrarse, confirmas que das el consentimiento para que tus datos sean transferidos a la plataforma Mailchimp. <a href=\"https:\/\/mailchimp.com\/legal\/\" target=\"_blank\">Haz clic aqu\u00ed para obtener m\u00e1s informaci\u00f3n sobre las pol\u00edticas de procesamiento de datos de Mailchimp.<\/a><\/p>\n    <\/div>\n<\/div>\n\t<div id=\"mce-responses\" class=\"clear\">\n\t\t<div class=\"response\" id=\"mce-error-response\" style=\"display:none\"><\/div>\n\t\t<div class=\"response\" id=\"mce-success-response\" style=\"display:none\"><\/div>\n\t<\/div>    <!-- real people should not fill this in and expect good things - do not remove this or risk form bot signups-->\n    <div style=\"position: absolute; left: -5000px;\" aria-hidden=\"true\"><input type=\"text\" name=\"b_95e0312e937c0373aca5daa01_925adeb7cb\" tabindex=\"-1\" value=\"\"><\/div>\n    <div class=\"clear\"><input type=\"submit\" value=\"Inscr\u00edbete\" name=\"inscribete\" id=\"mc-embedded-inscribete\" class=\"button\"><\/div>\n    <\/div>\n<\/form>\n<\/div>\n<script type='text\/javascript' src='\/\/s3.amazonaws.com\/downloads.mailchimp.com\/js\/mc-validate.js'><\/script><script type='text\/javascript'>(function($) {window.fnames = new Array(); window.ftypes = new Array();fnames[0]='EMAIL';ftypes[0]='email';}(jQuery));var $mcj = jQuery.noConflict(true);<\/script>\n<!--End mc_embed_signup-->\t\t<\/div>\n\t\t\t\t<\/div>\n\t\t\t\t\t\t<\/div>\n\t\t\t\t\t<\/div>\n\t\t<\/div>\n\t\t\t\t\t\t\t\t<\/div>\n\t\t\t\t\t<\/div>\n\t\t<\/section>\n\t\t\t\t\t\t<\/div>\n\t\t\t\t\t\t<\/div>\n\t\t\t\t\t<\/div>\n\t\t","protected":false},"excerpt":{"rendered":"<p>Inscr\u00edbete Suscr\u00edbete a nuestro bolet\u00edn para recibir ofertas actuales y mantenerte en contacto con nosotros. Inscr\u00edbete * Campos obligatorios Direcci\u00f3n de e-mail * Autorizaci\u00f3n para fines de comercializaci\u00f3n Elije los canales a trav\u00e9s de los &#8230; <\/p>\n<p class=\"read-more-container\"><a title=\"Mailing List\" class=\"read-more button\" href=\"https:\/\/realestateinberlin.com\/es\/mailing-list\/#more-526\">Read More<span class=\"screen-reader-text\">Mailing List<\/span><\/a><\/p>\n","protected":false},"author":1,"featured_media":0,"parent":0,"menu_order":0,"comment_status":"closed","ping_status":"closed","template":"","meta":{"footnotes":""},"class_list":{"0":"post-526","1":"page","2":"type-page","3":"status-publish","5":"no-featured-image-padding"},"_links":{"self":[{"href":"https:\/\/realestateinberlin.com\/es\/wp-json\/wp\/v2\/pages\/526","targetHints":{"allow":["GET"]}}],"collection":[{"href":"https:\/\/realestateinberlin.com\/es\/wp-json\/wp\/v2\/pages"}],"about":[{"href":"https:\/\/realestateinberlin.com\/es\/wp-json\/wp\/v2\/types\/page"}],"author":[{"embeddable":true,"href":"https:\/\/realestateinberlin.com\/es\/wp-json\/wp\/v2\/users\/1"}],"replies":[{"embeddable":true,"href":"https:\/\/realestateinberlin.com\/es\/wp-json\/wp\/v2\/comments?post=526"}],"version-history":[{"count":15,"href":"https:\/\/realestateinberlin.com\/es\/wp-json\/wp\/v2\/pages\/526\/revisions"}],"predecessor-version":[{"id":713,"href":"https:\/\/realestateinberlin.com\/es\/wp-json\/wp\/v2\/pages\/526\/revisions\/713"}],"wp:attachment":[{"href":"https:\/\/realestateinberlin.com\/es\/wp-json\/wp\/v2\/media?parent=526"}],"curies":[{"name":"wp","href":"https:\/\/api.w.org\/{rel}","templated":true}]}}