{"id":584,"date":"2020-06-11T10:17:21","date_gmt":"2020-06-11T10:17:21","guid":{"rendered":"https:\/\/realestateinberlin.com\/it\/?page_id=584"},"modified":"2026-02-16T10:35:11","modified_gmt":"2026-02-16T10:35:11","slug":"impressum","status":"publish","type":"page","link":"https:\/\/realestateinberlin.com\/it\/impressum\/","title":{"rendered":"Impressum"},"content":{"rendered":"\t\t<div data-elementor-type=\"wp-page\" data-elementor-id=\"584\" class=\"elementor elementor-584\" data-elementor-settings=\"[]\">\n\t\t\t\t\t\t<div class=\"elementor-inner\">\n\t\t\t\t\t\t\t<div class=\"elementor-section-wrap\">\n\t\t\t\t\t\t\t<section class=\"elementor-section elementor-top-section elementor-element elementor-element-2b2c7ec elementor-section-stretched elementor-section-boxed elementor-section-height-default elementor-section-height-default\" data-id=\"2b2c7ec\" data-element_type=\"section\" data-settings=\"{&quot;background_background&quot;:&quot;classic&quot;,&quot;stretch_section&quot;:&quot;section-stretched&quot;}\">\n\t\t\t\t\t\t<div class=\"elementor-container elementor-column-gap-default\">\n\t\t\t\t\t\t\t<div class=\"elementor-row\">\n\t\t\t\t\t<div class=\"elementor-column elementor-col-100 elementor-top-column elementor-element elementor-element-94fc16b\" data-id=\"94fc16b\" data-element_type=\"column\">\n\t\t\t<div class=\"elementor-column-wrap elementor-element-populated\">\n\t\t\t\t\t\t\t<div class=\"elementor-widget-wrap\">\n\t\t\t\t\t\t<div class=\"elementor-element elementor-element-1b0eef4 elementor-widget elementor-widget-heading\" data-id=\"1b0eef4\" data-element_type=\"widget\" data-widget_type=\"heading.default\">\n\t\t\t\t<div class=\"elementor-widget-container\">\n\t\t\t<h2 class=\"elementor-heading-title elementor-size-default\">ReAL ESTATE IN BERLIN<\/h2>\t\t<\/div>\n\t\t\t\t<\/div>\n\t\t\t\t<div class=\"elementor-element elementor-element-f13508f elementor-widget-divider--view-line elementor-widget elementor-widget-divider\" data-id=\"f13508f\" data-element_type=\"widget\" data-widget_type=\"divider.default\">\n\t\t\t\t<div class=\"elementor-widget-container\">\n\t\t\t\t\t<div class=\"elementor-divider\">\n\t\t\t<span class=\"elementor-divider-separator\">\n\t\t\t\t\t\t<\/span>\n\t\t<\/div>\n\t\t\t\t<\/div>\n\t\t\t\t<\/div>\n\t\t\t\t<div class=\"elementor-element elementor-element-9ceb78e elementor-widget elementor-widget-text-editor\" data-id=\"9ceb78e\" data-element_type=\"widget\" data-widget_type=\"text-editor.default\">\n\t\t\t\t<div class=\"elementor-widget-container\">\n\t\t\t\t\t<div class=\"elementor-text-editor elementor-clearfix\"><p><strong>Angabe gem\u00e4\u00df \u00a75 TMG:\u00a0<\/strong><\/p><p>REB Consulting GmbH<\/p><p>Gesch\u00e4ftsf\u00fchrer: Fabrizio Selvaggi<\/p><p>Leipziger Platz 15, 10117 Berlin<\/p><p>Telefon: 030-22392323<\/p><p>Email:\u00a0<a href=\"mailto:info@realestateinberlin.com\" target=\"_blank\" rel=\"noopener\">info@<wbr \/>realestateinberlin.com<\/a><\/p><p>Registergericht: Amtsgericht Charlottenburg<\/p><p>Registernummer: HRB 233849<\/p><p><u>Zust\u00e4ndige Aufsichtsbeh\u00f6rde<\/u>: Ordnungsamt Mitte, Karl-Marx-Allee 31, 10178, Berlin<\/p><p>Gewerbeerlaubnis nach \u00a734c GewO erteilt durch das Gewerbeamt Pankow von Berlin<\/p><p>USt-IdNr. DE348005120<\/p><p><strong>Online-Streitbeilegung gem\u00e4\u00df Art.14 Abs. 1 ODR-VO<\/strong><\/p><p>Die Europ\u00e4ische Kommission stellt eine Plattform zur Online-Streitbeilegung (OS) bereit, die Sie unter<\/p><p><a href=\"https:\/\/ec.europa.eu\/consumers\/odr\" target=\"_blank\" rel=\"noopener\" data-saferedirecturl=\"https:\/\/www.google.com\/url?q=https:\/\/ec.europa.eu\/consumers\/odr&amp;source=gmail&amp;ust=1640487733309000&amp;usg=AOvVaw0MxUxkoVW7tpmbv_OzGsby\">https:\/\/ec.europa.eu\/<wbr \/>consumers\/odr<\/a>\u00a0\u00a0finden.<\/p><p><strong>Informationspflicht nach \u00a736 VSBG<\/strong><\/p><p>Der Immobilienverband Deutschland IVD e.V. hat mit Beteiligung des Verbraucherverbandes Verband Privater Bauherren e.V. (VPB) eine Schlichtungsstelle nach Ma\u00dfgabe des Verbraucherstreitbeilegungsges<wbr \/>etzes (VSBG) eingerichtet. Vor der Schlichtungsstelle k\u00f6nnen u. a. Streitigkeiten zwischen Verbrauchern und Mitgliedern des IVD in einem au\u00dfergerichtlichen Schlichtungsverfahren beigelegt werden. REB Consulting GmbH ist Mitgliederin im IVD und nimmt an einem Schlichtungsverfahren bei Ombudsmann Immobilien IVD\/VPB Grunderwerb und Verwaltung teil. \u00a0<\/p><p>Die Anschrift der Schlichtungsstelle lautet: Ombudsmann Immobilien IVD\/VPB \u2013Grunderwerb und -verwaltung, Littenstra\u00dfe 10, 10179 Berlin. Weitere Informationen zur Schlichtungsstelle (z.B. weitere Kommunikationsdaten, Verfahrensordnung) erhalten Sie unter\u00a0<a href=\"http:\/\/www.ombudsmann-immobilien.net\/\" target=\"_blank\" rel=\"noopener\" data-saferedirecturl=\"https:\/\/www.google.com\/url?q=http:\/\/www.ombudsmann-immobilien.net\/&amp;source=gmail&amp;ust=1640487733309000&amp;usg=AOvVaw3uQQaSUYTmbxllub-WzbJt\">http:\/\/www.ombudsmann-<wbr \/>immobilien.net<\/a>.<\/p><p>Am Schlichtungsverfahren bei andere Schlichtungstelle nimmt die Firma REB Consulting GmbH gr\u00fcnds\u00e4tzlich nicht teil.<\/p><p><strong>Haftung f\u00fcr Inhalte<\/strong><\/p><p>Die Inhalte unserer Seiten wurden mit gr\u00f6\u00dfter Sorgfalt erstellt. F\u00fcr die Richtigkeit, Vollst\u00e4ndigkeit und Aktualit\u00e4t der Inhalte k\u00f6nnen wir jedoch keine Gew\u00e4hr \u00fcbernehmen. Als Diensteanbieter sind wir gem\u00e4\u00df \u00a7 7 Abs.1 TMG f\u00fcr eigene Inhalte auf diesen Seiten nach den allgemeinen Gesetzen verantwortlich. Nach \u00a7\u00a7 8 bis 10 TMG sind wir als Diensteanbieter jedoch nicht verpflichtet, \u00fcbermittelte oder gespeicherte fremde Informationen zu \u00fcberwachen oder nach Umst\u00e4nden zu forschen, die auf eine rechtswidrige T\u00e4tigkeit hinweisen. Verpflichtungen zur Entfernung oder Sperrung der Nutzung von Informationen nach den allgemeinen Gesetzen bleiben hiervon unber\u00fchrt. Eine diesbez\u00fcgliche Haftung ist jedoch erst ab dem Zeitpunkt der Kenntnis einer konkreten Rechtsverletzung m\u00f6glich. Bei Bekanntwerden von entsprechenden Rechtsverletzungen werden wir diese Inhalte umgehend entfernen.<\/p><p><strong>Haftung f\u00fcr Links<\/strong><\/p><p>Unser Angebot enth\u00e4lt Links zu externen Webseiten Dritter, auf deren Inhalte wir keinen Einfluss haben. Deshalb k\u00f6nnen wir f\u00fcr diese fremden Inhalte auch keine Gew\u00e4hr \u00fcbernehmen. F\u00fcr die Inhalte der verlinkten Seiten ist stets der jeweilige Anbieter oder Betreiber der Seiten verantwortlich. Die verlinkten Seiten wurden zum Zeitpunkt der Verlinkung auf m\u00f6gliche Rechtsverst\u00f6\u00dfe \u00fcberpr\u00fcft. Rechtswidrige Inhalte waren zum Zeitpunkt der Verlinkung nicht erkennbar. Eine permanente inhaltliche Kontrolle der verlinkten Seiten ist jedoch ohne konkrete Anhaltspunkte einer Rechtsverletzung nicht zumutbar. Bei Bekanntwerden von Rechtsverletzungen werden wir derartige Links umgehend entfernen.<\/p><p><strong>Urheberrecht<\/strong><\/p><p>Die durch die Seitenbetreiber erstellten Inhalte und Werke auf diesen Seiten unterliegen dem deutschen Urheberrecht. Die Vervielf\u00e4ltigung, Bearbeitung, Verbreitung und jede Art der Verwertung au\u00dferhalb der Grenzen des Urheberrechtes bed\u00fcrfen der schriftlichen Zustimmung des jeweiligen Autors bzw. Erstellers. Downloads und Kopien dieser Seite sind nur f\u00fcr den privaten, nicht kommerziellen Gebrauch gestattet. Soweit die Inhalte auf dieser Seite nicht vom Betreiber erstellt wurden, werden die Urheberrechte Dritter beachtet. Insbesondere werden Inhalte Dritter als solche gekennzeichnet. Sollten Sie trotzdem auf eine Urheberrechtsverletzung aufmerksam werden, bitten wir um einen entsprechenden Hinweis. Bei Bekanntwerden von Rechtsverletzungen werden wir derartige Inhalte umgehend entfernen.<\/p><\/div>\n\t\t\t\t<\/div>\n\t\t\t\t<\/div>\n\t\t\t\t\t\t<\/div>\n\t\t\t\t\t<\/div>\n\t\t<\/div>\n\t\t\t\t\t\t\t\t<\/div>\n\t\t\t\t\t<\/div>\n\t\t<\/section>\n\t\t\t\t\t\t<\/div>\n\t\t\t\t\t\t<\/div>\n\t\t\t\t\t<\/div>\n\t\t","protected":false},"excerpt":{"rendered":"<p>ReAL ESTATE IN BERLIN Angabe gem\u00e4\u00df \u00a75 TMG:\u00a0 REB Consulting GmbH Gesch\u00e4ftsf\u00fchrer: Fabrizio Selvaggi Leipziger Platz 15, 10117 Berlin Telefon: 030-22392323 Email:\u00a0info@realestateinberlin.com Registergericht: Amtsgericht Charlottenburg Registernummer: HRB 233849 Zust\u00e4ndige Aufsichtsbeh\u00f6rde: Ordnungsamt Mitte, Karl-Marx-Allee 31, 10178, &#8230; <\/p>\n<p class=\"read-more-container\"><a title=\"Impressum\" class=\"read-more button\" href=\"https:\/\/realestateinberlin.com\/it\/impressum\/#more-584\">Read More<span class=\"screen-reader-text\">Impressum<\/span><\/a><\/p>\n","protected":false},"author":1,"featured_media":0,"parent":0,"menu_order":0,"comment_status":"closed","ping_status":"closed","template":"","meta":{"footnotes":""},"class_list":{"0":"post-584","1":"page","2":"type-page","3":"status-publish","5":"no-featured-image-padding"},"_links":{"self":[{"href":"https:\/\/realestateinberlin.com\/it\/wp-json\/wp\/v2\/pages\/584","targetHints":{"allow":["GET"]}}],"collection":[{"href":"https:\/\/realestateinberlin.com\/it\/wp-json\/wp\/v2\/pages"}],"about":[{"href":"https:\/\/realestateinberlin.com\/it\/wp-json\/wp\/v2\/types\/page"}],"author":[{"embeddable":true,"href":"https:\/\/realestateinberlin.com\/it\/wp-json\/wp\/v2\/users\/1"}],"replies":[{"embeddable":true,"href":"https:\/\/realestateinberlin.com\/it\/wp-json\/wp\/v2\/comments?post=584"}],"version-history":[{"count":21,"href":"https:\/\/realestateinberlin.com\/it\/wp-json\/wp\/v2\/pages\/584\/revisions"}],"predecessor-version":[{"id":813,"href":"https:\/\/realestateinberlin.com\/it\/wp-json\/wp\/v2\/pages\/584\/revisions\/813"}],"wp:attachment":[{"href":"https:\/\/realestateinberlin.com\/it\/wp-json\/wp\/v2\/media?parent=584"}],"curies":[{"name":"wp","href":"https:\/\/api.w.org\/{rel}","templated":true}]}}